{"id":4429,"date":"2025-12-16T14:06:35","date_gmt":"2025-12-16T14:06:35","guid":{"rendered":"https:\/\/atbart.org\/?page_id=4429"},"modified":"2026-01-21T13:14:32","modified_gmt":"2026-01-21T13:14:32","slug":"bli-medlem","status":"publish","type":"page","link":"https:\/\/atbart.org\/en\/bli-medlem\/","title":{"rendered":"Bli medlem"},"content":{"rendered":"<div class=\"wp-block-uagb-container uagb-block-8de9c239 alignfull uagb-is-root-container\"><div class=\"uagb-container-inner-blocks-wrap\">\n<div class=\"wp-block-uagb-advanced-heading uagb-block-99148d6e\"><h1 class=\"uagb-heading-text\">Bli medlem<\/h1><\/div>\n<\/div><\/div>\n\n\n\n<div class=\"wp-block-uagb-container uagb-block-8fe59ea9 alignfull uagb-is-root-container\"><div class=\"uagb-container-inner-blocks-wrap\">\n<div class=\"wp-block-uagb-container uagb-block-0693bb3e\">\n<div class=\"wp-block-group is-vertical is-layout-flex wp-container-core-group-is-layout-fe9cc265 wp-block-group-is-layout-flex\">\n<p class=\"has-ast-global-color-1-color has-text-color has-link-color has-medium-font-size wp-elements-3b271ccf7143615647071d70abaceb47\">Som medlem i \u00c4tbart st\u00f6ttar du en liten milj\u00f6organisation som brinner f\u00f6r att underst\u00f6dja den lokala, icke-vinstdrivande solidariteten med m\u00e4nniskor som placerats i utsatthet.<\/p>\n\n\n\n<p>I en allt mer politiskt orolig tid, tror \u00c4tbart p\u00e5 civilsamh\u00e4llet som en viktig b\u00e4rare av demokrati. I syfte att f\u00f6rena lokala engagemang och lyfta gemensamma fr\u00e5gor driver \u00c4tbart <a href=\"https:\/\/atbart.org\/en\/svenska-matbanksnatverket\/\" title=\"Swedish Food Bank Network\">Swedish Food Bank Network<\/a>. Som medlem i \u00c4tbart \u00e4r du med och bygger en demokratisk plattform och st\u00f6ttar oss i arbetet att lyfta fram civilsamh\u00e4llets samlade r\u00f6st i matfattigdoms- och matsvinnsfr\u00e5gan.<\/p>\n\n\n\n<p>Eftersom \u00c4tbart vill verka oberoende str\u00e4var vi efter att s\u00e4kra v\u00e5ra insatser oberoende av sittande regering eller f\u00f6retagssponsring. Detta f\u00f6r att beh\u00e5lla v\u00e5r integritet och m\u00f6jlighet att driva sakfr\u00e5gor: vikten av f\u00f6r\u00e4ndrat livsmedelssystem och str\u00e4van efter ett j\u00e4mlikt samh\u00e4lle. Medlemskapet i \u00c4tbart g\u00f6r stor skillnad f\u00f6r f\u00f6reningens fortlevnad.<\/p>\n\n\n\n<p>Medlemskapet kostar 99 kr och g\u00e4ller fram tills n\u00e4sta \u00e5rsm\u00f6te.<\/p>\n\n\n\n<div class=\"wp-block-buttons is-content-justification-left is-layout-flex wp-container-core-buttons-is-layout-432438ff wp-block-buttons-is-layout-flex\" style=\"margin-top:0;margin-bottom:0\">\n<div class=\"wp-block-button\"><a class=\"wp-block-button__link wp-element-button\" href=\"https:\/\/checkout.octany.com\/1663\/a0f6ca4e-c2c1-4fec-bc27-78799bf92a52\" style=\"letter-spacing:0px\">Bli medlem<\/a><\/div>\n<\/div>\n<\/div>\n<\/div>\n\n\n\n<div class=\"wp-block-uagb-container uagb-block-n9pybxz8 alignfull uagb-is-root-container\"><div class=\"uagb-container-inner-blocks-wrap\">\n<figure class=\"wp-block-image size-full\"><img loading=\"lazy\" decoding=\"async\" width=\"1200\" height=\"1024\" src=\"https:\/\/atbart.org\/wp-content\/uploads\/2025\/12\/Bli-medlem_kollage.jpg\" alt=\"bli medlem\" class=\"wp-image-4485\" title=\"Bli medlem\" srcset=\"https:\/\/atbart.org\/wp-content\/uploads\/2025\/12\/Bli-medlem_kollage.jpg 1200w, https:\/\/atbart.org\/wp-content\/uploads\/2025\/12\/Bli-medlem_kollage-300x256.jpg 300w, https:\/\/atbart.org\/wp-content\/uploads\/2025\/12\/Bli-medlem_kollage-1024x874.jpg 1024w, https:\/\/atbart.org\/wp-content\/uploads\/2025\/12\/Bli-medlem_kollage-768x655.jpg 768w, https:\/\/atbart.org\/wp-content\/uploads\/2025\/12\/Bli-medlem_kollage-14x12.jpg 14w\" sizes=\"auto, (max-width: 1200px) 100vw, 1200px\" \/><\/figure>\n<\/div><\/div>\n<\/div><\/div>\n\n\n\n<div class=\"wp-block-uagb-container uagb-block-xwrumjjq alignfull uagb-is-root-container\"><div class=\"uagb-container-inner-blocks-wrap\">\n<div class=\"wp-block-group is-vertical is-layout-flex wp-container-core-group-is-layout-fe9cc265 wp-block-group-is-layout-flex\">\n<div class=\"wp-block-uagb-container uagb-block-nha3kmlz\">\n<div class=\"wp-block-uagb-info-box uagb-block-sa9dm3mr uagb-infobox__content-wrap  uagb-infobox-icon-above-title uagb-infobox-image-valign-top\"><div class=\"uagb-ifb-content\"><div class=\"uagb-ifb-title-wrap\"><h2 class=\"uagb-ifb-title\">Som medlem hj\u00e4lper du oss att:<\/h2><\/div><\/div><\/div>\n<\/div>\n<\/div>\n\n\n\n<div class=\"wp-block-uagb-container uagb-block-ld1goo3s\">\n<div class=\"wp-block-uagb-container uagb-block-mckpdjym\">\n<div class=\"wp-block-uagb-info-box uagb-block-w7s70qfy uagb-infobox__content-wrap  uagb-infobox-icon-above-title uagb-infobox-image-valign-top\"><div class=\"uagb-ifb-content\"><div class=\"uagb-ifb-title-wrap\"><h3 class=\"uagb-ifb-title\">Driva projekt &amp; verksamheter<\/h3><\/div><p class=\"uagb-ifb-desc\">Vi driver projekt och samarbeten som minskar och f\u00f6rebygger matsvinn och matfattigdom runt om i Sverige. <br><br>N\u00e5gra exempel p\u00e5 projekt och verksamheter vi driver idag \u00e4r <a data-type=\"page\" data-id=\"2787\" href=\"https:\/\/atbart.org\/en\/svenska-matbanksnatverket\/\">Swedish Food Bank Network<\/a>, <a data-type=\"page\" data-id=\"2344\" href=\"https:\/\/atbart.org\/en\/matsvinn-pa-schemat\/\">Matsvinn p\u00e5 schemat<\/a> och <a data-type=\"page\" data-id=\"2829\" href=\"https:\/\/atbart.org\/en\/svinnsmart-samarbete\/\">Svinnsmart samarbete<\/a>.<\/p><\/div><\/div>\n<\/div>\n\n\n\n<div class=\"wp-block-uagb-container uagb-block-nw5ye526\">\n<div class=\"wp-block-uagb-info-box uagb-block-8ir0vncq uagb-infobox__content-wrap  uagb-infobox-icon-above-title uagb-infobox-image-valign-top\"><div class=\"uagb-ifb-content\"><div class=\"uagb-ifb-title-wrap\"><h3 class=\"uagb-ifb-title\">Synligg\u00f6ra &amp; sprida information<\/h3><\/div><p class=\"uagb-ifb-desc\">Vi samlar in, paketerar, synligg\u00f6r och sprider information om matsvinn, matbanker och matfattigdom. <br><br>N\u00e5gra exempel p\u00e5 detta \u00e4r \u00c4tbart \u2013 en svinnbra handbok, <a data-type=\"page\" data-id=\"2898\" href=\"https:\/\/atbart.org\/en\/fran-jord-till-soptunna\/\">Koll p\u00e5 Svinn<\/a>, v\u00e5ra debattartiklar, v\u00e5r kartl\u00e4ggning av matbanker i Sverige och Matbanksrapporten <a data-type=\"page\" data-id=\"2583\" href=\"https:\/\/atbart.org\/en\/matbanksrapporten-1\/\">#1<\/a> och <a data-type=\"page\" data-id=\"2891\" href=\"https:\/\/atbart.org\/en\/matbanksrapporten-2\/\">#2<\/a>.<\/p><\/div><\/div>\n<\/div>\n\n\n\n<div class=\"wp-block-uagb-container uagb-block-avapinhd\">\n<div class=\"wp-block-uagb-info-box uagb-block-1gmd7jqj uagb-infobox__content-wrap  uagb-infobox-icon-above-title uagb-infobox-image-valign-top\"><div class=\"uagb-ifb-content\"><div class=\"uagb-ifb-title-wrap\"><h3 class=\"uagb-ifb-title\">F\u00f6ra opinion &amp; p\u00e5verka<\/h3><\/div><p class=\"uagb-ifb-desc\">Vi f\u00f6r opinion och bidrar till forskning om omst\u00e4llningen till ett mer h\u00e5llbart, resilient och r\u00e4ttvist matsystem. <br><br>N\u00e5gra exempel p\u00e5 detta \u00e4r v\u00e5rt deltagande i <a href=\"https:\/\/www.ivl.se\/projektwebbar\/samarbete-for-minskat-matsvinn.html\">Samarbete f\u00f6r minskat matsvinn<\/a> (<a href=\"https:\/\/samarbeteforminskatmatsvinn.se\/projekt\/samarbete-for-minskat-matsvinn.html\">SAMS<\/a>) och <a href=\"https:\/\/www.agfo.se\/\">Aff\u00e4rsn\u00e4tverket f\u00f6r det svenska matsystemet <\/a>(<a href=\"https:\/\/www.agfo.se\/\">AGFO<\/a>). <\/p><\/div><\/div>\n<\/div>\n<\/div>\n<\/div><\/div>\n\n\n\n<div class=\"wp-block-uagb-container uagb-block-097e3c02 alignfull uagb-is-root-container\"><div class=\"uagb-container-inner-blocks-wrap\">\n<div class=\"wp-block-uagb-container uagb-block-8bc653e0 alignfull uagb-is-root-container\"><div class=\"uagb-container-inner-blocks-wrap\">\n<!-- Octany styles & script -->\n<link rel=\"stylesheet\" href=\"https:\/\/app.octany.com\/1663\/checkout\/appearance\">\n<script src=\"https:\/\/app.octany.com\/js\/checkout.js?v=10\"><\/script>\n\n<!-- Octany widget G\u00e5va -->\n<octany-widget\n    version=\"2\"\n    url=\"https:\/\/app.octany.com\"\n    account-id=\"1663\"\n        product-id=\"6454\"\n    locale=\"sv\"\n    type=\"iframe\"\n><\/octany-widget>\n<\/div><\/div>\n\n\n\n<div class=\"wp-block-uagb-container uagb-block-aa7ea847\">\n<p class=\"has-medium-font-size\" style=\"padding-top:15px;padding-right:0px;padding-bottom:15px;padding-left:0px\">Om du vill ge ett extra st\u00f6d till \u00c4tbart kan du g\u00f6ra detta genom en g\u00e5va med ett valfritt belopp.<\/p>\n\n\n\n<p class=\"has-ast-global-color-1-color has-text-color has-medium-font-size\" style=\"padding-top:15px;padding-right:0px;padding-bottom:0px;padding-left:0px\">Varje g\u00e5va g\u00f6r skillnad<\/p>\n\n\n\n<p style=\"padding-top:15px;padding-right:0px;padding-bottom:15px;padding-left:0px\"><em>Om du donerar kan du bli kontaktad av \u00c4tbart om att bli medlem, <\/em><br><em>framf\u00f6rallt om din g\u00e5va motsvarar eller \u00f6verstiger 99 kr.<\/em><\/p>\n<\/div>\n<\/div><\/div>","protected":false},"excerpt":{"rendered":"<p>Bli medlem Som medlem i \u00c4tbart st\u00f6ttar du en liten milj\u00f6organisation som brinner f\u00f6r att underst\u00f6dja den lokala, icke-vinstdrivande solidariteten [&hellip;]<\/p>\n","protected":false},"author":1,"featured_media":0,"parent":0,"menu_order":0,"comment_status":"closed","ping_status":"closed","template":"","meta":{"_uag_custom_page_level_css":"","_monsterinsights_skip_tracking":false,"_monsterinsights_sitenote_active":false,"_monsterinsights_sitenote_note":"","_monsterinsights_sitenote_category":0,"_uf_show_specific_survey":0,"_uf_disable_surveys":false,"site-sidebar-layout":"default","site-content-layout":"","ast-site-content-layout":"default","site-content-style":"default","site-sidebar-style":"default","ast-global-header-display":"","ast-banner-title-visibility":"","ast-main-header-display":"","ast-hfb-above-header-display":"","ast-hfb-below-header-display":"","ast-hfb-mobile-header-display":"","site-post-title":"disabled","ast-breadcrumbs-content":"","ast-featured-img":"","footer-sml-layout":"","ast-disable-related-posts":"","theme-transparent-header-meta":"enabled","adv-header-id-meta":"","stick-header-meta":"","header-above-stick-meta":"","header-main-stick-meta":"","header-below-stick-meta":"","astra-migrate-meta-layouts":"set","ast-page-background-enabled":"default","ast-page-background-meta":{"desktop":{"background-color":"var(--ast-global-color-4)","background-image":"","background-repeat":"repeat","background-position":"center center","background-size":"auto","background-attachment":"scroll","background-type":"","background-media":"","overlay-type":"","overlay-color":"","overlay-opacity":"","overlay-gradient":""},"tablet":{"background-color":"","background-image":"","background-repeat":"repeat","background-position":"center center","background-size":"auto","background-attachment":"scroll","background-type":"","background-media":"","overlay-type":"","overlay-color":"","overlay-opacity":"","overlay-gradient":""},"mobile":{"background-color":"","background-image":"","background-repeat":"repeat","background-position":"center center","background-size":"auto","background-attachment":"scroll","background-type":"","background-media":"","overlay-type":"","overlay-color":"","overlay-opacity":"","overlay-gradient":""}},"ast-content-background-meta":{"desktop":{"background-color":"var(--ast-global-color-5)","background-image":"","background-repeat":"repeat","background-position":"center center","background-size":"auto","background-attachment":"scroll","background-type":"","background-media":"","overlay-type":"","overlay-color":"","overlay-opacity":"","overlay-gradient":""},"tablet":{"background-color":"var(--ast-global-color-5)","background-image":"","background-repeat":"repeat","background-position":"center center","background-size":"auto","background-attachment":"scroll","background-type":"","background-media":"","overlay-type":"","overlay-color":"","overlay-opacity":"","overlay-gradient":""},"mobile":{"background-color":"var(--ast-global-color-5)","background-image":"","background-repeat":"repeat","background-position":"center center","background-size":"auto","background-attachment":"scroll","background-type":"","background-media":"","overlay-type":"","overlay-color":"","overlay-opacity":"","overlay-gradient":""}},"footnotes":""},"class_list":["post-4429","page","type-page","status-publish","hentry"],"aioseo_notices":[],"uagb_featured_image_src":{"full":false,"thumbnail":false,"medium":false,"medium_large":false,"large":false,"1536x1536":false,"2048x2048":false,"trp-custom-language-flag":false},"uagb_author_info":{"display_name":"Zuni Vargas Catalan","author_link":"https:\/\/atbart.org\/en\/author\/zuni_atbart\/"},"uagb_comment_info":0,"uagb_excerpt":"Bli medlem Som medlem i \u00c4tbart st\u00f6ttar du en liten milj\u00f6organisation som brinner f\u00f6r att underst\u00f6dja den lokala, icke-vinstdrivande solidariteten [&hellip;]","_links":{"self":[{"href":"https:\/\/atbart.org\/en\/wp-json\/wp\/v2\/pages\/4429","targetHints":{"allow":["GET"]}}],"collection":[{"href":"https:\/\/atbart.org\/en\/wp-json\/wp\/v2\/pages"}],"about":[{"href":"https:\/\/atbart.org\/en\/wp-json\/wp\/v2\/types\/page"}],"author":[{"embeddable":true,"href":"https:\/\/atbart.org\/en\/wp-json\/wp\/v2\/users\/1"}],"replies":[{"embeddable":true,"href":"https:\/\/atbart.org\/en\/wp-json\/wp\/v2\/comments?post=4429"}],"version-history":[{"count":25,"href":"https:\/\/atbart.org\/en\/wp-json\/wp\/v2\/pages\/4429\/revisions"}],"predecessor-version":[{"id":4497,"href":"https:\/\/atbart.org\/en\/wp-json\/wp\/v2\/pages\/4429\/revisions\/4497"}],"wp:attachment":[{"href":"https:\/\/atbart.org\/en\/wp-json\/wp\/v2\/media?parent=4429"}],"curies":[{"name":"wp","href":"https:\/\/api.w.org\/{rel}","templated":true}]}}