{"id":4087,"date":"2025-12-10T11:14:41","date_gmt":"2025-12-10T11:14:41","guid":{"rendered":"https:\/\/nyahemsidan.atbart.org\/?page_id=4087"},"modified":"2025-12-15T13:16:12","modified_gmt":"2025-12-15T13:16:12","slug":"kartlaggning-av-hantering-av-overskottsmat-i-kommunala-kok","status":"publish","type":"page","link":"https:\/\/atbart.org\/en\/kartlaggning-av-hantering-av-overskottsmat-i-kommunala-kok\/","title":{"rendered":"Kartl\u00e4ggning av hantering av \u00f6verskottsmat i kommunala k\u00f6k"},"content":{"rendered":"<div class=\"wp-block-uagb-container uagb-block-8de9c239 alignfull uagb-is-root-container\"><div class=\"uagb-container-inner-blocks-wrap\">\n<div class=\"wp-block-uagb-advanced-heading uagb-block-99148d6e\"><h1 class=\"uagb-heading-text\">Kartl\u00e4ggning av hantering av \u00f6verskottsmat i kommunala k\u00f6k<\/h1><\/div>\n<\/div><\/div>\n\n\n\n<div class=\"wp-block-uagb-container uagb-block-e2515c33 alignfull uagb-is-root-container\"><div class=\"uagb-container-inner-blocks-wrap\">\n<div class=\"wp-block-uagb-container uagb-block-f000ff7e\"><h2 class=\"wp-block-post-title\">Kartl\u00e4ggning av hantering av \u00f6verskottsmat i kommunala k\u00f6k<\/h2>\n\n\n<p style=\"padding-right:40px\">Under v\u00e5ren 2025 skickades fr\u00e5gor r\u00f6rande hantering av \u00f6verskottsmat i kommunala k\u00f6k ut till alla landets kommuner. Svaren kom i de flesta fall fr\u00e5n kostchefer, och ber\u00f6rde ofta skolor och f\u00f6rskolor, det framkom mindre information fr\u00e5n vad som sker inom \u00e4ldreomsorgen. Kartl\u00e4ggningen samlar <strong>resultat baserat p\u00e5 svar fr\u00e5n 228 av 290 kommuner<\/strong> i Sverige och fokuserar p\u00e5 f\u00f6ljande punker:<\/p>\n\n\n\n<ul style=\"padding-top:15px;padding-right:var(--wp--preset--spacing--70);padding-bottom:25px;padding-left:var(--wp--preset--spacing--70)\" class=\"wp-block-list\">\n<li>Kommunala k\u00f6k, det vill s\u00e4ga i skolor, f\u00f6rskolor och \u00e4ldreomsorgen.<\/li>\n\n\n\n<li>Hantering av \u00f6verskott. Fokus f\u00f6r den h\u00e4r kartl\u00e4ggningen var hantering av \u00f6verskott som kvarst\u00e5r efter f\u00f6rebyggande insatser.<\/li>\n\n\n\n<li>B\u00e5de verksamheternas eget serverings\u00f6verskott, samt samarbeten som inneb\u00e4r att verksamheten tar emot eller k\u00f6per in \u00f6verskott lokalt.<\/li>\n<\/ul>\n\n\n\n<div class=\"wp-block-uagb-buttons uagb-buttons__outer-wrap uagb-btn__default-btn uagb-btn-tablet__default-btn uagb-btn-mobile__default-btn uagb-block-9fd447f2\"><div class=\"uagb-buttons__wrap uagb-buttons-layout-wrap\">\n<div class=\"wp-block-uagb-buttons-child uagb-buttons__outer-wrap uagb-block-e2c4142b wp-block-button\"><div class=\"uagb-button__wrapper\"><a class=\"uagb-buttons-repeater wp-block-button__link\" aria-label=\"\" href=\"https:\/\/atbart.org\/wp-content\/uploads\/2025\/12\/Kartlaggning-av-hantering-av-overskottsmat-i-kommunala-kok_Svinnsmart-Samarbete.pdf\" rel=\"follow noopener\" target=\"_self\" role=\"button\"><div class=\"uagb-button__link\">Ladda ner Kartl\u00e4ggningen<\/div><\/a><\/div><\/div>\n<\/div><\/div>\n<\/div>\n\n\n\n<div class=\"wp-block-uagb-container uagb-block-d0adb6d9\">\n<figure class=\"wp-block-image size-full\" style=\"margin-right:0;margin-left:0\"><img loading=\"lazy\" decoding=\"async\" width=\"597\" height=\"843\" src=\"https:\/\/atbart.org\/wp-content\/uploads\/2025\/12\/Infografik_framsida-1.jpg\" alt=\"infografik framsida\" class=\"wp-image-4101\" title=\"Kartl\u00e4ggning av hantering av \u00f6verskottsmat i kommunala k\u00f6k\" srcset=\"https:\/\/atbart.org\/wp-content\/uploads\/2025\/12\/Infografik_framsida-1.jpg 597w, https:\/\/atbart.org\/wp-content\/uploads\/2025\/12\/Infografik_framsida-1-212x300.jpg 212w, https:\/\/atbart.org\/wp-content\/uploads\/2025\/12\/Infografik_framsida-1-8x12.jpg 8w\" sizes=\"auto, (max-width: 597px) 100vw, 597px\" \/><\/figure>\n<\/div>\n<\/div><\/div>\n\n\n\n<div class=\"wp-block-uagb-container uagb-block-suhu4edd alignfull uagb-is-root-container\"><div class=\"uagb-container-inner-blocks-wrap\">\n<div class=\"wp-block-uagb-container uagb-block-rheprtav alignfull uagb-is-root-container\"><div class=\"uagb-container-inner-blocks-wrap\">\n<div class=\"wp-block-uagb-info-box uagb-block-prpgjbh9 uagb-infobox__content-wrap  uagb-infobox-icon-above-title uagb-infobox-image-valign-top\"><div class=\"uagb-ifb-content\"><div class=\"uagb-ifb-title-wrap\"><h3 class=\"uagb-ifb-title\">Vill du l\u00e4sa handboken? <\/h3><\/div><p class=\"uagb-ifb-desc\">Vi har \u00e4ven sammanst\u00e4llt information och inspiration fr\u00e5n kartl\u00e4ggningen i en handbok.<\/p><\/div><\/div>\n\n\n\n<div class=\"wp-block-uagb-buttons uagb-buttons__outer-wrap uagb-btn__default-btn uagb-btn-tablet__default-btn uagb-btn-mobile__default-btn uagb-block-39cyrxwc\"><div class=\"uagb-buttons__wrap uagb-buttons-layout-wrap\">\n<div class=\"wp-block-uagb-buttons-child uagb-buttons__outer-wrap uagb-block-ruaejnrh wp-block-button\"><div class=\"uagb-button__wrapper\"><a class=\"uagb-buttons-repeater wp-block-button__link\" aria-label=\"\" href=\"https:\/\/atbart.org\/en\/hantering-av-overskottsmat\/\" rel=\"follow noopener\" target=\"_self\" role=\"button\"><div class=\"uagb-button__link\">Till handboken<\/div><\/a><\/div><\/div>\n<\/div><\/div>\n<\/div><\/div>\n<\/div><\/div>","protected":false},"excerpt":{"rendered":"<p>Kartl\u00e4ggning av hantering av \u00f6verskottsmat i kommunala k\u00f6k Under v\u00e5ren 2025 skickades fr\u00e5gor r\u00f6rande hantering av \u00f6verskottsmat i kommunala k\u00f6k [&hellip;]<\/p>\n","protected":false},"author":1,"featured_media":0,"parent":0,"menu_order":0,"comment_status":"closed","ping_status":"closed","template":"","meta":{"_uag_custom_page_level_css":"","_monsterinsights_skip_tracking":false,"_monsterinsights_sitenote_active":false,"_monsterinsights_sitenote_note":"","_monsterinsights_sitenote_category":0,"_uf_show_specific_survey":0,"_uf_disable_surveys":false,"site-sidebar-layout":"default","site-content-layout":"","ast-site-content-layout":"default","site-content-style":"default","site-sidebar-style":"default","ast-global-header-display":"","ast-banner-title-visibility":"","ast-main-header-display":"","ast-hfb-above-header-display":"","ast-hfb-below-header-display":"","ast-hfb-mobile-header-display":"","site-post-title":"disabled","ast-breadcrumbs-content":"","ast-featured-img":"","footer-sml-layout":"","ast-disable-related-posts":"","theme-transparent-header-meta":"enabled","adv-header-id-meta":"","stick-header-meta":"","header-above-stick-meta":"","header-main-stick-meta":"","header-below-stick-meta":"","astra-migrate-meta-layouts":"set","ast-page-background-enabled":"default","ast-page-background-meta":{"desktop":{"background-color":"var(--ast-global-color-4)","background-image":"","background-repeat":"repeat","background-position":"center center","background-size":"auto","background-attachment":"scroll","background-type":"","background-media":"","overlay-type":"","overlay-color":"","overlay-opacity":"","overlay-gradient":""},"tablet":{"background-color":"","background-image":"","background-repeat":"repeat","background-position":"center center","background-size":"auto","background-attachment":"scroll","background-type":"","background-media":"","overlay-type":"","overlay-color":"","overlay-opacity":"","overlay-gradient":""},"mobile":{"background-color":"","background-image":"","background-repeat":"repeat","background-position":"center center","background-size":"auto","background-attachment":"scroll","background-type":"","background-media":"","overlay-type":"","overlay-color":"","overlay-opacity":"","overlay-gradient":""}},"ast-content-background-meta":{"desktop":{"background-color":"var(--ast-global-color-5)","background-image":"","background-repeat":"repeat","background-position":"center center","background-size":"auto","background-attachment":"scroll","background-type":"","background-media":"","overlay-type":"","overlay-color":"","overlay-opacity":"","overlay-gradient":""},"tablet":{"background-color":"var(--ast-global-color-5)","background-image":"","background-repeat":"repeat","background-position":"center center","background-size":"auto","background-attachment":"scroll","background-type":"","background-media":"","overlay-type":"","overlay-color":"","overlay-opacity":"","overlay-gradient":""},"mobile":{"background-color":"var(--ast-global-color-5)","background-image":"","background-repeat":"repeat","background-position":"center center","background-size":"auto","background-attachment":"scroll","background-type":"","background-media":"","overlay-type":"","overlay-color":"","overlay-opacity":"","overlay-gradient":""}},"footnotes":""},"class_list":["post-4087","page","type-page","status-publish","hentry"],"aioseo_notices":[],"uagb_featured_image_src":{"full":false,"thumbnail":false,"medium":false,"medium_large":false,"large":false,"1536x1536":false,"2048x2048":false,"trp-custom-language-flag":false},"uagb_author_info":{"display_name":"Zuni Vargas Catalan","author_link":"https:\/\/atbart.org\/en\/author\/zuni_atbart\/"},"uagb_comment_info":0,"uagb_excerpt":"Kartl\u00e4ggning av hantering av \u00f6verskottsmat i kommunala k\u00f6k Under v\u00e5ren 2025 skickades fr\u00e5gor r\u00f6rande hantering av \u00f6verskottsmat i kommunala k\u00f6k [&hellip;]","_links":{"self":[{"href":"https:\/\/atbart.org\/en\/wp-json\/wp\/v2\/pages\/4087","targetHints":{"allow":["GET"]}}],"collection":[{"href":"https:\/\/atbart.org\/en\/wp-json\/wp\/v2\/pages"}],"about":[{"href":"https:\/\/atbart.org\/en\/wp-json\/wp\/v2\/types\/page"}],"author":[{"embeddable":true,"href":"https:\/\/atbart.org\/en\/wp-json\/wp\/v2\/users\/1"}],"replies":[{"embeddable":true,"href":"https:\/\/atbart.org\/en\/wp-json\/wp\/v2\/comments?post=4087"}],"version-history":[{"count":21,"href":"https:\/\/atbart.org\/en\/wp-json\/wp\/v2\/pages\/4087\/revisions"}],"predecessor-version":[{"id":4378,"href":"https:\/\/atbart.org\/en\/wp-json\/wp\/v2\/pages\/4087\/revisions\/4378"}],"wp:attachment":[{"href":"https:\/\/atbart.org\/en\/wp-json\/wp\/v2\/media?parent=4087"}],"curies":[{"name":"wp","href":"https:\/\/api.w.org\/{rel}","templated":true}]}}