{"id":3,"date":"2025-10-20T12:58:15","date_gmt":"2025-10-20T12:58:15","guid":{"rendered":"https:\/\/nyahemsidan.atbart.org\/?page_id=3"},"modified":"2026-01-21T13:13:32","modified_gmt":"2026-01-21T13:13:32","slug":"integritetspolicy","status":"publish","type":"page","link":"https:\/\/atbart.org\/en\/integritetspolicy\/","title":{"rendered":"\u00c4tbarts integritetspolicy"},"content":{"rendered":"<div class=\"wp-block-uagb-container uagb-block-8de9c239 alignfull uagb-is-root-container\"><div class=\"uagb-container-inner-blocks-wrap\">\n<div class=\"wp-block-uagb-advanced-heading uagb-block-99148d6e\"><h1 class=\"uagb-heading-text\">\u00c4tbarts integritetspolicy<\/h1><\/div>\n<\/div><\/div>\n\n\n\n<div class=\"wp-block-uagb-container uagb-block-eb64f4a1 alignfull uagb-is-root-container\"><div class=\"uagb-container-inner-blocks-wrap\">\n<div class=\"wp-block-uagb-container uagb-block-0218d65c\">\n<p class=\"has-ast-global-color-0-color has-text-color has-link-color has-medium-font-size wp-elements-ea8b40c98d5c0fef6bcf60e0c3fabe42\" style=\"padding-bottom:25px\">Senast reviderad: 2025-10-23<\/p>\n\n\n\n<h2 class=\"wp-block-heading\" style=\"padding-top:0\">Syfte<\/h2>\n\n\n\n<p>Syftet med \u00c4tbarts (802525-9659) integritetspolicy \u00e4r att du ska f\u00e5 veta hur vi behandlar dina personuppgifter, och varf\u00f6r. Du f\u00e5r \u00e4ven information om n\u00e4r och till vilka, vi delar dina uppgifter och hur du kan ta tillvara p\u00e5 dina r\u00e4ttigheter enligt dataskyddsf\u00f6rordningen (GDPR).<\/p>\n\n\n\n<h3 class=\"wp-block-heading\" style=\"padding-top:var(--wp--preset--spacing--50)\">Till\u00e4mpningsomr\u00e5de<\/h3>\n\n\n\n<p>\u00c4tbarts integritetspolicy g\u00e4ller i alla sammanhang d\u00e5 vi samlar in, lagrar och hanterar dina personuppgifter. D\u00e4ribland n\u00e4r du:<\/p>\n\n\n\n<ul style=\"padding-left:20px\" class=\"wp-block-list\">\n<li>Bes\u00f6ker v\u00e5r webbplats, sociala medier eller andra digitala kanaler,<\/li>\n\n\n\n<li>Ger en g\u00e5va, eller p\u00e5 annat s\u00e4tt bidrar finansiellt till f\u00f6reningen,<\/li>\n\n\n\n<li>S\u00f6ker anst\u00e4llning, medlemskap eller annan kontakt med \u00c4tbart.<\/li>\n<\/ul>\n\n\n\n<p>Policyn \u00e4r till\u00e4mplig oavsett hur du kommer i kontakt med oss: som anst\u00e4lld, medlem, samarbetspartner, volont\u00e4r, givare, journalist, del av allm\u00e4nheten eller annan part.<\/p>\n\n\n\n<h3 class=\"wp-block-heading\" style=\"padding-top:var(--wp--preset--spacing--50)\">Grundl\u00e4ggande principer<\/h3>\n\n\n\n<p>Som grund f\u00f6r all \u00c4tbarts personuppgiftsbehandling \u00e4r ett antal grundl\u00e4ggande principer som s\u00e4kerst\u00e4ller att anst\u00e4llda, ideellt engagerade och \u00f6vriga i f\u00f6reningen till\u00e4mpar regelr\u00e4tt hantering av personuppgifter. Dessa \u00e4r:<\/p>\n\n\n\n<ul style=\"padding-left:20px\" class=\"wp-block-list\">\n<li><strong>Laglighet<\/strong> Vi behandlar uppgifter i enlighet med g\u00e4llande lagstiftning.<\/li>\n\n\n\n<li><strong>\u00c4ndam\u00e5lsbegr\u00e4nsning<\/strong> Vi begr\u00e4nsar insamling och behandling till f\u00f6r syftet relevanta uppgifter.<\/li>\n\n\n\n<li><strong>Riktighet<\/strong> Vi efterstr\u00e4var att registrera korrekta uppgifter, och h\u00e5lla dessa uppdaterade.<\/li>\n\n\n\n<li><strong>S\u00e4kerhet<\/strong> Vi behandlar uppgifter p\u00e5 ett s\u00e4kert s\u00e4tt i f\u00f6reningen.<\/li>\n<\/ul>\n<\/div>\n\n\n\n<div class=\"wp-block-uagb-container uagb-block-8f9730ec\"><\/div>\n<\/div><\/div>\n\n\n\n<div class=\"wp-block-uagb-container uagb-block-56846673 alignfull uagb-is-root-container\"><div class=\"uagb-container-inner-blocks-wrap\">\n<div class=\"wp-block-uagb-container uagb-block-47c1bf72\">\n<h2 class=\"wp-block-heading\" style=\"padding-top:var(--wp--preset--spacing--50)\">Insamling av personuppgifter<\/h2>\n\n\n\n<h3 class=\"wp-block-heading\" style=\"padding-top:var(--wp--preset--spacing--50)\">Varf\u00f6r samlar vi in personuppgifter?<\/h3>\n\n\n\n<p>Vi samlar in dina personuppgifter f\u00f6r att uppfylla \u00c4tbarts syfte enligt stadgan. Det vill s\u00e4ga att minska matsvinnet och matfattigdomen i Sverige. I praktiken anv\u00e4nder vi dina uppgifter f\u00f6r att bland annat:<\/p>\n\n\n\n<ul style=\"padding-left:20px\" class=\"wp-block-list\">\n<li>Ge dig information om \u00c4tbarts arbete och syfte,<\/li>\n\n\n\n<li>Behandla g\u00e5vor eller bidrag som inkommit till f\u00f6reningen,<\/li>\n\n\n\n<li>Informera dig om kampanjer och givarm\u00f6jligheter,<\/li>\n\n\n\n<li>Kunna svara p\u00e5 dina fr\u00e5gor och ta emot eventuella klagom\u00e5l,<\/li>\n\n\n\n<li>Kunna skicka enk\u00e4tunders\u00f6kningar och inbjudningar till evenemang,<\/li>\n\n\n\n<li>F\u00f6rb\u00e4ttra v\u00e5r marknadsf\u00f6ring, inklusive v\u00e5rt kampanjarbete och v\u00e5ra projektaktiviteter,<\/li>\n\n\n\n<li>Kunna erbjuda anst\u00e4llning, praktikplatser och volont\u00e4rm\u00f6jligheter,<\/li>\n\n\n\n<li>Uppfylla v\u00e5ra skyldigheter till medlemmarna i f\u00f6reningen.<\/li>\n<\/ul>\n\n\n\n<h3 class=\"wp-block-heading\" style=\"padding-top:var(--wp--preset--spacing--50)\">Den r\u00e4ttsliga grunden f\u00f6r insamling av personuppgifter<\/h3>\n\n\n\n<p>N\u00e4r vi samlar in uppgifter dokumenterar vi den r\u00e4ttsliga grunden utifr\u00e5n vilken \u00c4tbart hanterar dina uppgifter. Dessa \u00e4r, i enlighet med dataskyddsf\u00f6rordningen (GDPR):<\/p>\n\n\n\n<ul style=\"padding-left:20px\" class=\"wp-block-list\">\n<li>Att uppfylla avtal mellan f\u00f6reningen och annan part (t.ex. medlem eller extern part),<\/li>\n\n\n\n<li>Att uppfylla r\u00e4ttsliga f\u00f6rpliktelser i relation till myndigheter och g\u00e4llande lagstiftning,<\/li>\n\n\n\n<li>En intresseavv\u00e4gning mellan insamlingen och uppgiftens \u00e4ndam\u00e5l,<\/li>\n\n\n\n<li>Samtycke fr\u00e5n dig som delar dina uppgifter.<\/li>\n<\/ul>\n<\/div>\n\n\n\n<div class=\"wp-block-uagb-container uagb-block-822b5223\"><\/div>\n<\/div><\/div>\n\n\n\n<div class=\"wp-block-uagb-container uagb-block-cf42223f alignfull uagb-is-root-container\"><div class=\"uagb-container-inner-blocks-wrap\">\n<div class=\"wp-block-uagb-container uagb-block-e60d8873\">\n<h2 class=\"wp-block-heading\" style=\"padding-top:var(--wp--preset--spacing--50)\">Behandling av personuppgifter<\/h2>\n\n\n\n<h3 class=\"wp-block-heading\" style=\"padding-top:var(--wp--preset--spacing--50)\">Hur l\u00e4nge sparar vi dina uppgifter?<\/h3>\n\n\n\n<p>Vi hanterar inte dina uppgifter under l\u00e4ngre tid \u00e4n vad som \u00e4r n\u00f6dv\u00e4ndigt f\u00f6r att uppfylla syftet med behandlingen. I marknadsf\u00f6ringssyfte anv\u00e4nds inte uppgifter som \u00e4r \u00e4ldre \u00e4n 36 m\u00e5nader. Undantaget fr\u00e5n detta \u00e4r att viss information kan komma att sparas under en l\u00e4ngre tid f\u00f6r att tillgodose myndighetskrav och g\u00e4llande lagstiftning.<\/p>\n\n\n\n<h3 class=\"wp-block-heading\" style=\"padding-top:var(--wp--preset--spacing--50)\">Delar vi dina personuppgifter<\/h3>\n\n\n\n<p>\u00c4tbart kommer aldrig att s\u00e4lja, hyra ut eller med vinstsyfte dela dina personuppgifter.<\/p>\n\n\n\n<p><br>Vi kan komma att dela dina personuppgifter till externa parter f\u00f6r att driva f\u00f6reningens verksamhet och tillm\u00f6tesg\u00e5 g\u00e4llande lagstiftning, d\u00e4ribland: f\u00f6rs\u00e4kringsbolag, IT-leverant\u00f6rer, tj\u00e4nsteleverant\u00f6rer samt bidragsgivande myndigheter och organisationer i Sverige.<\/p>\n\n\n\n<p> <\/p>\n\n\n\n<p>Vi kan ocks\u00e5 komma att anv\u00e4nda enskilda personuppgifter likt f\u00f6delse\u00e5r vid utbildningar, externa rapporter eller andra sammanhang. Observera att dina personuppgifter d\u00e5 aldrig kopplas samman med \u00f6vriga uppgifter, och anv\u00e4nds helt anonymt.<\/p>\n<\/div>\n\n\n\n<div class=\"wp-block-uagb-container uagb-block-f8a4d872\"><\/div>\n<\/div><\/div>\n\n\n\n<div class=\"wp-block-uagb-container uagb-block-c3388913 alignfull uagb-is-root-container\"><div class=\"uagb-container-inner-blocks-wrap\">\n<div class=\"wp-block-uagb-container uagb-block-b3e7f39c\">\n<h2 class=\"wp-block-heading\" style=\"padding-top:var(--wp--preset--spacing--50)\">Dina r\u00e4ttigheter<\/h2>\n\n\n\n<p>Du har enligt dataskyddsf\u00f6rordningen och annan g\u00e4llande lagstiftning (GDPR) alltid r\u00e4tt att:<\/p>\n\n\n\n<ul style=\"padding-left:20px\" class=\"wp-block-list\">\n<li>F\u00e5 tillg\u00e5ng till information om vilka personuppgifter \u00c4tbart behandlar, och i vilket syfte,<\/li>\n\n\n\n<li>F\u00e5 felaktiga personuppgifter r\u00e4ttade,<\/li>\n\n\n\n<li>F\u00e5 dina personuppgifter raderade, eller beg\u00e4ra att v\u00e5r behandling ska begr\u00e4nsas,<\/li>\n\n\n\n<li>F\u00e5 veta hur l\u00e4nge personuppgifterna kommer att lagras,<\/li>\n\n\n\n<li>F\u00e5 dina personuppgifter \u00f6verf\u00f6rda fr\u00e5n en personuppgiftsansvarig till en annan (g\u00e4ller enbart uppgifter hanterade med st\u00f6d av samtycke, och efter en intern bed\u00f6mning).<\/li>\n<\/ul>\n\n\n\n<p>I s\u00e4rskilda fall kan vi inte fullf\u00f6lja din beg\u00e4ran enligt ovan. D\u00e5 kommer vi att \u00e5terkomma till dig med information om varf\u00f6r. Mest vanligt \u00e4r att legala skyldigheter hindrar oss fr\u00e5n att radera dina personuppgifter helt. Dock kan vi s\u00e5 gott som alltid begr\u00e4nsa behandlingen.<\/p>\n\n\n\n<p>Du kontaktar oss enklast via uppgifterna i slutet p\u00e5 integritetspolicyn. \u00c4r du inte n\u00f6jd med hur vi behandlar dina uppgifter har du alltid r\u00e4tt att skicka ett klagom\u00e5l till <a href=\"https:\/\/www.imy.se\/\">Integritetsskyddsmyndigheten <\/a>(IMY).<\/p>\n\n\n\n<h3 class=\"wp-block-heading\" style=\"padding-top:var(--wp--preset--spacing--50)\">S\u00e4kerhets\u00e5tg\u00e4rder<\/h3>\n\n\n\n<p>Vi arbetar kontinuerligt med att utveckla och etablera uppdaterade rutiner f\u00f6r att dina personuppgifter ska hanteras p\u00e5 ett s\u00e4kert s\u00e4tt. Utg\u00e5ngspunkten \u00e4r alltid att minimera antalet individer med tillg\u00e5ng till uppgifter, samt s\u00e4kerst\u00e4lla att f\u00f6reningens representanter har relevant utbildning inom dataskyddsf\u00f6rordningen och cybers\u00e4kerhet.<\/p>\n<\/div>\n\n\n\n<div class=\"wp-block-uagb-container uagb-block-98bda7c5\"><\/div>\n<\/div><\/div>\n\n\n\n<div class=\"wp-block-uagb-container uagb-block-7599bfce alignfull uagb-is-root-container\"><div class=\"uagb-container-inner-blocks-wrap\">\n<div class=\"wp-block-uagb-container uagb-block-4ae05c2c\">\n<h2 class=\"wp-block-heading\" style=\"padding-top:var(--wp--preset--spacing--50)\">Contact us<\/h2>\n\n\n\n<p>Tack f\u00f6r att du har l\u00e4st v\u00e5r integritetspolicy!<\/p>\n\n\n\n<p><br>Kontakta oss i \u00e4rende avseende personuppgifter genom att maila <a href=\"mailto:personuppgifter@atbart.org\">personuppgifter@atbart.org<\/a> eller skicka ett brev till \u00c4tbart, VRA 025-0 BILLO, 106 46 Stockholm, s\u00e5 \u00e5terkommer personuppgiftsansvarig inom kort.<\/p>\n<\/div>\n\n\n\n<div class=\"wp-block-uagb-container uagb-block-9a6039be\"><\/div>\n<\/div><\/div>","protected":false},"excerpt":{"rendered":"<p>\u00c4tbarts integritetspolicy Senast reviderad: 2025-10-23 Syfte Syftet med \u00c4tbarts (802525-9659) integritetspolicy \u00e4r att du ska f\u00e5 veta hur vi behandlar [&hellip;]<\/p>\n","protected":false},"author":1,"featured_media":0,"parent":0,"menu_order":0,"comment_status":"closed","ping_status":"closed","template":"","meta":{"_uag_custom_page_level_css":"","_monsterinsights_skip_tracking":false,"_monsterinsights_sitenote_active":false,"_monsterinsights_sitenote_note":"","_monsterinsights_sitenote_category":0,"_uf_show_specific_survey":0,"_uf_disable_surveys":false,"site-sidebar-layout":"default","site-content-layout":"","ast-site-content-layout":"default","site-content-style":"default","site-sidebar-style":"default","ast-global-header-display":"","ast-banner-title-visibility":"","ast-main-header-display":"","ast-hfb-above-header-display":"","ast-hfb-below-header-display":"","ast-hfb-mobile-header-display":"","site-post-title":"disabled","ast-breadcrumbs-content":"","ast-featured-img":"","footer-sml-layout":"","ast-disable-related-posts":"","theme-transparent-header-meta":"","adv-header-id-meta":"","stick-header-meta":"","header-above-stick-meta":"","header-main-stick-meta":"","header-below-stick-meta":"","astra-migrate-meta-layouts":"set","ast-page-background-enabled":"default","ast-page-background-meta":{"desktop":{"background-color":"var(--ast-global-color-4)","background-image":"","background-repeat":"repeat","background-position":"center center","background-size":"auto","background-attachment":"scroll","background-type":"","background-media":"","overlay-type":"","overlay-color":"","overlay-opacity":"","overlay-gradient":""},"tablet":{"background-color":"","background-image":"","background-repeat":"repeat","background-position":"center center","background-size":"auto","background-attachment":"scroll","background-type":"","background-media":"","overlay-type":"","overlay-color":"","overlay-opacity":"","overlay-gradient":""},"mobile":{"background-color":"","background-image":"","background-repeat":"repeat","background-position":"center center","background-size":"auto","background-attachment":"scroll","background-type":"","background-media":"","overlay-type":"","overlay-color":"","overlay-opacity":"","overlay-gradient":""}},"ast-content-background-meta":{"desktop":{"background-color":"var(--ast-global-color-5)","background-image":"","background-repeat":"repeat","background-position":"center center","background-size":"auto","background-attachment":"scroll","background-type":"","background-media":"","overlay-type":"","overlay-color":"","overlay-opacity":"","overlay-gradient":""},"tablet":{"background-color":"var(--ast-global-color-5)","background-image":"","background-repeat":"repeat","background-position":"center center","background-size":"auto","background-attachment":"scroll","background-type":"","background-media":"","overlay-type":"","overlay-color":"","overlay-opacity":"","overlay-gradient":""},"mobile":{"background-color":"var(--ast-global-color-5)","background-image":"","background-repeat":"repeat","background-position":"center center","background-size":"auto","background-attachment":"scroll","background-type":"","background-media":"","overlay-type":"","overlay-color":"","overlay-opacity":"","overlay-gradient":""}},"footnotes":""},"class_list":["post-3","page","type-page","status-publish","hentry"],"aioseo_notices":[],"uagb_featured_image_src":{"full":false,"thumbnail":false,"medium":false,"medium_large":false,"large":false,"1536x1536":false,"2048x2048":false,"trp-custom-language-flag":false},"uagb_author_info":{"display_name":"Zuni Vargas Catalan","author_link":"https:\/\/atbart.org\/en\/author\/zuni_atbart\/"},"uagb_comment_info":0,"uagb_excerpt":"\u00c4tbarts integritetspolicy Senast reviderad: 2025-10-23 Syfte Syftet med \u00c4tbarts (802525-9659) integritetspolicy \u00e4r att du ska f\u00e5 veta hur vi behandlar [&hellip;]","_links":{"self":[{"href":"https:\/\/atbart.org\/en\/wp-json\/wp\/v2\/pages\/3","targetHints":{"allow":["GET"]}}],"collection":[{"href":"https:\/\/atbart.org\/en\/wp-json\/wp\/v2\/pages"}],"about":[{"href":"https:\/\/atbart.org\/en\/wp-json\/wp\/v2\/types\/page"}],"author":[{"embeddable":true,"href":"https:\/\/atbart.org\/en\/wp-json\/wp\/v2\/users\/1"}],"replies":[{"embeddable":true,"href":"https:\/\/atbart.org\/en\/wp-json\/wp\/v2\/comments?post=3"}],"version-history":[{"count":29,"href":"https:\/\/atbart.org\/en\/wp-json\/wp\/v2\/pages\/3\/revisions"}],"predecessor-version":[{"id":4150,"href":"https:\/\/atbart.org\/en\/wp-json\/wp\/v2\/pages\/3\/revisions\/4150"}],"wp:attachment":[{"href":"https:\/\/atbart.org\/en\/wp-json\/wp\/v2\/media?parent=3"}],"curies":[{"name":"wp","href":"https:\/\/api.w.org\/{rel}","templated":true}]}}