{"id":2950,"date":"2025-11-24T12:50:58","date_gmt":"2025-11-24T12:50:58","guid":{"rendered":"https:\/\/nyahemsidan.atbart.org\/?page_id=2950"},"modified":"2025-12-11T10:05:02","modified_gmt":"2025-12-11T10:05:02","slug":"senaste-nytt","status":"publish","type":"page","link":"https:\/\/atbart.org\/en\/senaste-nytt\/","title":{"rendered":"Latest news"},"content":{"rendered":"<div class=\"wp-block-uagb-container uagb-block-8de9c239 alignfull uagb-is-root-container\"><div class=\"uagb-container-inner-blocks-wrap\">\n<div class=\"wp-block-uagb-advanced-heading uagb-block-99148d6e\"><h1 class=\"uagb-heading-text\">Latest news<\/h1><\/div>\n<\/div><\/div>\n\n\n\n<div style=\"height:70px\" aria-hidden=\"true\" class=\"wp-block-spacer\"><\/div>\n\n\n\n<div class=\"wp-block-group alignfull has-background-background-color has-background is-layout-constrained wp-container-core-group-is-layout-00049a37 wp-block-group-is-layout-constrained\" style=\"margin-top:0;margin-bottom:0;padding-top:var(--wp--preset--spacing--30);padding-right:var(--wp--preset--spacing--30);padding-bottom:var(--wp--preset--spacing--60);padding-left:var(--wp--preset--spacing--30)\">\n<div class=\"wp-block-columns alignwide is-layout-flex wp-container-core-columns-is-layout-14cf5ab5 wp-block-columns-is-layout-flex\" style=\"border-top-left-radius:0px;border-top-right-radius:0px;border-bottom-left-radius:0px;border-bottom-right-radius:0px\">\n<div class=\"wp-block-column is-layout-flow wp-container-core-column-is-layout-9a3ad81b wp-block-column-is-layout-flow\" style=\"padding-right:var(--wp--preset--spacing--40);padding-left:var(--wp--preset--spacing--40);flex-basis:33.33%\">\n<div class=\"wp-block-group has-tertiary-background-color has-background is-layout-constrained wp-container-core-group-is-layout-f90d3be4 wp-block-group-is-layout-constrained\" style=\"border-radius:4px;padding-top:var(--wp--preset--spacing--40);padding-right:var(--wp--preset--spacing--30);padding-bottom:var(--wp--preset--spacing--40);padding-left:var(--wp--preset--spacing--30)\">\n<div class=\"wp-block-group is-content-justification-left is-layout-constrained wp-container-core-group-is-layout-0a0f4438 wp-block-group-is-layout-constrained\" style=\"padding-right:var(--wp--preset--spacing--50);padding-left:var(--wp--preset--spacing--50)\">\n<figure class=\"wp-block-image size-full is-style-default\"><img loading=\"lazy\" decoding=\"async\" width=\"785\" height=\"584\" src=\"https:\/\/atbart.org\/wp-content\/uploads\/2025\/11\/Nyhetsarkiv_1.jpg\" alt=\"nyhetsarkiv 1\" class=\"wp-image-2548\" style=\"aspect-ratio:1;object-fit:cover\" title=\"Latest news\" srcset=\"https:\/\/atbart.org\/wp-content\/uploads\/2025\/11\/Nyhetsarkiv_1.jpg 785w, https:\/\/atbart.org\/wp-content\/uploads\/2025\/11\/Nyhetsarkiv_1-300x223.jpg 300w, https:\/\/atbart.org\/wp-content\/uploads\/2025\/11\/Nyhetsarkiv_1-768x571.jpg 768w, https:\/\/atbart.org\/wp-content\/uploads\/2025\/11\/Nyhetsarkiv_1-16x12.jpg 16w\" sizes=\"auto, (max-width: 785px) 100vw, 785px\" \/><\/figure>\n<\/div>\n\n\n\n<h2 class=\"wp-block-heading has-text-align-left\" style=\"margin-top:var(--wp--preset--spacing--30);margin-bottom:1rem;font-size:1.5rem\">Latest news<\/h2>\n\n\n\n<p class=\"has-text-align-left\" style=\"margin-top:var(--wp--preset--spacing--20);margin-bottom:var(--wp--preset--spacing--20);font-size:16px;line-height:1.4\">Here you will find \u00c4tbart's latest news about what is happening within the organisation and in the projects.<\/p>\n\n\n\n<p class=\"has-text-align-left\" style=\"margin-top:var(--wp--preset--spacing--20);margin-bottom:var(--wp--preset--spacing--20);font-size:16px;line-height:1.4\">If you would rather read our publications, you will find them and our media library <a href=\"https:\/\/atbart.org\/en\/publikationer-och-media\/\">here<\/a>.<\/p>\n<\/div>\n\n\n\n<div class=\"wp-block-group is-layout-constrained wp-container-core-group-is-layout-dd32767c wp-block-group-is-layout-constrained\">\n<h2 class=\"wp-block-heading\" style=\"margin-top:var(--wp--preset--spacing--30);margin-bottom:var(--wp--preset--spacing--40);padding-top:0;padding-right:0;padding-bottom:0;padding-left:var(--wp--preset--spacing--30);font-size:1.5rem\">Categories<\/h2>\n\n\n<ul style=\"font-size:16px;line-height:2; padding-right:var(--wp--preset--spacing--60);padding-left:var(--wp--preset--spacing--60);\" class=\"wp-block-categories-list wp-block-categories\">\t<li class=\"cat-item cat-item-11\"><a href=\"https:\/\/atbart.org\/en\/category\/atbart\/\">\u00c4tbart<\/a> (8)\n<\/li>\n\t<li class=\"cat-item cat-item-8\"><a href=\"https:\/\/atbart.org\/en\/category\/matsvinn-pa-schemat\/\">Matsvinn p\u00e5 schemat<\/a> (2)\n<\/li>\n\t<li class=\"cat-item cat-item-9\"><a href=\"https:\/\/atbart.org\/en\/category\/svenska-matbanksnatverket\/\">Swedish Food Bank Network<\/a> (5)\n<\/li>\n\t<li class=\"cat-item cat-item-7\"><a href=\"https:\/\/atbart.org\/en\/category\/svinnsmart-samarbete\/\">Svinnsmart samarbete<\/a> (7)\n<\/li>\n<\/ul><\/div>\n<\/div>\n\n\n\n<div class=\"wp-block-column is-layout-flow wp-container-core-column-is-layout-9cdd3bf4 wp-block-column-is-layout-flow\" style=\"padding-top:25px;padding-right:25px;padding-bottom:25px;padding-left:25px;flex-basis:66.66%\"><h3 style=\"padding-top:25px;padding-bottom:25px;padding-left:25px;padding-right:25px;\" class=\"wp-block-post-title\">Latest news<\/h3>\n\n\n\t\t\t<div class=\"wp-block-uagb-post-grid uagb-post-grid  uagb-post__image-position-top uagb-post__image-enabled uagb-block-5a073b75     uagb-post__items uagb-post__columns-3 is-grid uagb-post__columns-tablet-2 uagb-post__columns-mobile-1 uagb-post__equal-height\" data-total=\"3\" style=\"\">\n\n\t\t\t\t\t\t\t\t\t\t\t\t<article class=\"uagb-post__inner-wrap\">\t\t\t\t\t\t\t\t<div class='uagb-post__image'>\n\t\t\t\t\t\t\t\t\t<a href=\"https:\/\/atbart.org\/en\/save-the-date-for-arets-matbanksrapport-2\/\" target=\"_self\" rel=\"bookmark noopener noreferrer\" class='uagb-image-ratio-inherit'><img loading=\"lazy\" decoding=\"async\" width=\"1024\" height=\"537\" src=\"https:\/\/atbart.org\/wp-content\/uploads\/2026\/03\/Nyhet-hemsida-1024x537.jpg\" class=\"attachment-large size-large\" alt=\"nyhet hemsida\" srcset=\"https:\/\/atbart.org\/wp-content\/uploads\/2026\/03\/Nyhet-hemsida-1024x537.jpg 1024w, https:\/\/atbart.org\/wp-content\/uploads\/2026\/03\/Nyhet-hemsida-300x157.jpg 300w, https:\/\/atbart.org\/wp-content\/uploads\/2026\/03\/Nyhet-hemsida-768x403.jpg 768w, https:\/\/atbart.org\/wp-content\/uploads\/2026\/03\/Nyhet-hemsida-18x9.jpg 18w, https:\/\/atbart.org\/wp-content\/uploads\/2026\/03\/Nyhet-hemsida.jpg 1200w\" sizes=\"auto, (max-width: 1024px) 100vw, 1024px\" title=\"Latest news\">\t\t\t\t\t<\/a>\n\t\t\t\t\t\t\t<\/div>\n\t\t\t\t\t\t<h4 class=\"uagb-post__title uagb-post__text\">\n\t\t\t\t<a href=\"https:\/\/atbart.org\/en\/save-the-date-for-arets-matbanksrapport-2\/\" target=\"_self\" rel=\"bookmark noopener noreferrer\">Save the date f\u00f6r \u00e5rets Matbanksrapport!<\/a>\n\t\t\t<\/h4>\n\t\t\t\t\t\t<div class='uagb-post__text uagb-post-grid-byline'>\n\t\t\t\t\t\t\t\t<time datetime=\"2026-03-11T12:02:15+00:00\" class=\"uagb-post__date\">\n\t\t\t\t\t\t\t\t\tMarch 11, 2026\t\t\t\t<\/time>\n\t\t\t\t\t\t<\/div>\n\t\t\t\n\t\t\t\t\t\t\t\t\t<\/article>\n\t\t\t\t\t\t\t\t\t\t\t\t\t\t\t\t<article class=\"uagb-post__inner-wrap\">\t\t\t\t\t\t\t\t<div class='uagb-post__image'>\n\t\t\t\t\t\t\t\t\t<a href=\"https:\/\/atbart.org\/en\/matdonationer-ar-ingen-hallbar-losning\/\" target=\"_self\" rel=\"bookmark noopener noreferrer\" class='uagb-image-ratio-inherit'><img loading=\"lazy\" decoding=\"async\" width=\"1024\" height=\"537\" src=\"https:\/\/atbart.org\/wp-content\/uploads\/2026\/03\/Li-Kristjansdottir-nyhet-1024x537.png\" class=\"attachment-large size-large\" alt=\"li kristjansdottir (nyhet)\" srcset=\"https:\/\/atbart.org\/wp-content\/uploads\/2026\/03\/Li-Kristjansdottir-nyhet-1024x537.png 1024w, https:\/\/atbart.org\/wp-content\/uploads\/2026\/03\/Li-Kristjansdottir-nyhet-300x157.png 300w, https:\/\/atbart.org\/wp-content\/uploads\/2026\/03\/Li-Kristjansdottir-nyhet-768x403.png 768w, https:\/\/atbart.org\/wp-content\/uploads\/2026\/03\/Li-Kristjansdottir-nyhet-18x9.png 18w, https:\/\/atbart.org\/wp-content\/uploads\/2026\/03\/Li-Kristjansdottir-nyhet.png 1200w\" sizes=\"auto, (max-width: 1024px) 100vw, 1024px\" title=\"Latest news\">\t\t\t\t\t<\/a>\n\t\t\t\t\t\t\t<\/div>\n\t\t\t\t\t\t<h4 class=\"uagb-post__title uagb-post__text\">\n\t\t\t\t<a href=\"https:\/\/atbart.org\/en\/matdonationer-ar-ingen-hallbar-losning\/\" target=\"_self\" rel=\"bookmark noopener noreferrer\">Matdonationer \u00e4r ingen h\u00e5llbar l\u00f6sning<\/a>\n\t\t\t<\/h4>\n\t\t\t\t\t\t<div class='uagb-post__text uagb-post-grid-byline'>\n\t\t\t\t\t\t\t\t<time datetime=\"2026-03-05T10:58:05+00:00\" class=\"uagb-post__date\">\n\t\t\t\t\t\t\t\t\tMarch 5, 2026\t\t\t\t<\/time>\n\t\t\t\t\t\t<\/div>\n\t\t\t\n\t\t\t\t\t\t\t\t\t<\/article>\n\t\t\t\t\t\t\t\t\t\t\t\t\t\t\t\t<article class=\"uagb-post__inner-wrap\">\t\t\t\t\t\t\t\t<div class='uagb-post__image'>\n\t\t\t\t\t\t\t\t\t<a href=\"https:\/\/atbart.org\/en\/ny-version-av-handboken-slappt\/\" target=\"_self\" rel=\"bookmark noopener noreferrer\" class='uagb-image-ratio-inherit'><img loading=\"lazy\" decoding=\"async\" width=\"1024\" height=\"537\" src=\"https:\/\/atbart.org\/wp-content\/uploads\/2026\/02\/Omfordela-mat_nyhet-1024x537.jpg\" class=\"attachment-large size-large\" alt=\"omf\u00f6rdela mat nyhet\" srcset=\"https:\/\/atbart.org\/wp-content\/uploads\/2026\/02\/Omfordela-mat_nyhet-1024x537.jpg 1024w, https:\/\/atbart.org\/wp-content\/uploads\/2026\/02\/Omfordela-mat_nyhet-300x157.jpg 300w, https:\/\/atbart.org\/wp-content\/uploads\/2026\/02\/Omfordela-mat_nyhet-768x403.jpg 768w, https:\/\/atbart.org\/wp-content\/uploads\/2026\/02\/Omfordela-mat_nyhet-18x9.jpg 18w, https:\/\/atbart.org\/wp-content\/uploads\/2026\/02\/Omfordela-mat_nyhet.jpg 1200w\" sizes=\"auto, (max-width: 1024px) 100vw, 1024px\" title=\"Latest news\">\t\t\t\t\t<\/a>\n\t\t\t\t\t\t\t<\/div>\n\t\t\t\t\t\t<h4 class=\"uagb-post__title uagb-post__text\">\n\t\t\t\t<a href=\"https:\/\/atbart.org\/en\/ny-version-av-handboken-slappt\/\" target=\"_self\" rel=\"bookmark noopener noreferrer\">Ny version av handboken sl\u00e4ppt!<\/a>\n\t\t\t<\/h4>\n\t\t\t\t\t\t<div class='uagb-post__text uagb-post-grid-byline'>\n\t\t\t\t\t\t\t\t<time datetime=\"2026-02-23T12:04:32+00:00\" class=\"uagb-post__date\">\n\t\t\t\t\t\t\t\t\tFebruary 23, 2026\t\t\t\t<\/time>\n\t\t\t\t\t\t<\/div>\n\t\t\t\n\t\t\t\t\t\t\t\t\t<\/article>\n\t\t\t\t\t\t\t\t\t\t\t\t\t\t\t\t<article class=\"uagb-post__inner-wrap\">\t\t\t\t\t\t\t\t<div class='uagb-post__image'>\n\t\t\t\t\t\t\t\t\t<a href=\"https:\/\/atbart.org\/en\/for-att-fa-bukt-med-matsvinnet-behovs-visionara-politiska-losningar\/\" target=\"_self\" rel=\"bookmark noopener noreferrer\" class='uagb-image-ratio-inherit'><img loading=\"lazy\" decoding=\"async\" width=\"1024\" height=\"537\" src=\"https:\/\/atbart.org\/wp-content\/uploads\/2026\/01\/Matsvinn-1024x537.png\" class=\"attachment-large size-large\" alt=\"matsvinn\" srcset=\"https:\/\/atbart.org\/wp-content\/uploads\/2026\/01\/Matsvinn-1024x537.png 1024w, https:\/\/atbart.org\/wp-content\/uploads\/2026\/01\/Matsvinn-300x157.png 300w, https:\/\/atbart.org\/wp-content\/uploads\/2026\/01\/Matsvinn-768x403.png 768w, https:\/\/atbart.org\/wp-content\/uploads\/2026\/01\/Matsvinn-18x9.png 18w, https:\/\/atbart.org\/wp-content\/uploads\/2026\/01\/Matsvinn.png 1200w\" sizes=\"auto, (max-width: 1024px) 100vw, 1024px\" title=\"Latest news\">\t\t\t\t\t<\/a>\n\t\t\t\t\t\t\t<\/div>\n\t\t\t\t\t\t<h4 class=\"uagb-post__title uagb-post__text\">\n\t\t\t\t<a href=\"https:\/\/atbart.org\/en\/for-att-fa-bukt-med-matsvinnet-behovs-visionara-politiska-losningar\/\" target=\"_self\" rel=\"bookmark noopener noreferrer\">F\u00f6r att f\u00e5 bukt med matsvinnet beh\u00f6vs vision\u00e4ra politiska l\u00f6sningar<\/a>\n\t\t\t<\/h4>\n\t\t\t\t\t\t<div class='uagb-post__text uagb-post-grid-byline'>\n\t\t\t\t\t\t\t\t<time datetime=\"2026-01-13T10:15:12+00:00\" class=\"uagb-post__date\">\n\t\t\t\t\t\t\t\t\tJanuary 13, 2026\t\t\t\t<\/time>\n\t\t\t\t\t\t<\/div>\n\t\t\t\n\t\t\t\t\t\t\t\t\t<\/article>\n\t\t\t\t\t\t\t\t\t\t\t\t\t\t\t\t<article class=\"uagb-post__inner-wrap\">\t\t\t\t\t\t\t\t<div class='uagb-post__image'>\n\t\t\t\t\t\t\t\t\t<a href=\"https:\/\/atbart.org\/en\/atbart-gor-studiebesok-pa-matakuten-soderhamn\/\" target=\"_self\" rel=\"bookmark noopener noreferrer\" class='uagb-image-ratio-inherit'><img loading=\"lazy\" decoding=\"async\" width=\"1024\" height=\"554\" src=\"https:\/\/atbart.org\/wp-content\/uploads\/2025\/12\/GOD-JUL1-1024x554.jpg\" class=\"attachment-large size-large\" alt=\"god jul1\" srcset=\"https:\/\/atbart.org\/wp-content\/uploads\/2025\/12\/GOD-JUL1-1024x554.jpg 1024w, https:\/\/atbart.org\/wp-content\/uploads\/2025\/12\/GOD-JUL1-300x162.jpg 300w, https:\/\/atbart.org\/wp-content\/uploads\/2025\/12\/GOD-JUL1-768x415.jpg 768w, https:\/\/atbart.org\/wp-content\/uploads\/2025\/12\/GOD-JUL1-1536x831.jpg 1536w, https:\/\/atbart.org\/wp-content\/uploads\/2025\/12\/GOD-JUL1-2048x1108.jpg 2048w, https:\/\/atbart.org\/wp-content\/uploads\/2025\/12\/GOD-JUL1-18x10.jpg 18w\" sizes=\"auto, (max-width: 1024px) 100vw, 1024px\" title=\"Latest news\">\t\t\t\t\t<\/a>\n\t\t\t\t\t\t\t<\/div>\n\t\t\t\t\t\t<h4 class=\"uagb-post__title uagb-post__text\">\n\t\t\t\t<a href=\"https:\/\/atbart.org\/en\/atbart-gor-studiebesok-pa-matakuten-soderhamn\/\" target=\"_self\" rel=\"bookmark noopener noreferrer\">\u00c4tbart g\u00f6r studiebes\u00f6k p\u00e5 Matakuten S\u00f6derhamn<\/a>\n\t\t\t<\/h4>\n\t\t\t\t\t\t<div class='uagb-post__text uagb-post-grid-byline'>\n\t\t\t\t\t\t\t\t<time datetime=\"2025-12-18T12:45:51+00:00\" class=\"uagb-post__date\">\n\t\t\t\t\t\t\t\t\tDecember 18, 2025\t\t\t\t<\/time>\n\t\t\t\t\t\t<\/div>\n\t\t\t\n\t\t\t\t\t\t\t\t\t<\/article>\n\t\t\t\t\t\t\t\t\t\t\t\t\t\t\t\t<article class=\"uagb-post__inner-wrap\">\t\t\t\t\t\t\t\t<div class='uagb-post__image'>\n\t\t\t\t\t\t\t\t\t<a href=\"https:\/\/atbart.org\/en\/sammanstallning-av-hantering-av-overskottsmat-i-kommunala-kok\/\" target=\"_self\" rel=\"bookmark noopener noreferrer\" class='uagb-image-ratio-inherit'><img loading=\"lazy\" decoding=\"async\" width=\"1024\" height=\"536\" src=\"https:\/\/atbart.org\/wp-content\/uploads\/2025\/12\/Kartlaggning_SSS_Nyhet-1024x536.jpg\" class=\"attachment-large size-large\" alt=\"kartl\u00e4ggning sss nyhet\" srcset=\"https:\/\/atbart.org\/wp-content\/uploads\/2025\/12\/Kartlaggning_SSS_Nyhet-1024x536.jpg 1024w, https:\/\/atbart.org\/wp-content\/uploads\/2025\/12\/Kartlaggning_SSS_Nyhet-300x157.jpg 300w, https:\/\/atbart.org\/wp-content\/uploads\/2025\/12\/Kartlaggning_SSS_Nyhet-768x402.jpg 768w, https:\/\/atbart.org\/wp-content\/uploads\/2025\/12\/Kartlaggning_SSS_Nyhet-18x9.jpg 18w, https:\/\/atbart.org\/wp-content\/uploads\/2025\/12\/Kartlaggning_SSS_Nyhet.jpg 1201w\" sizes=\"auto, (max-width: 1024px) 100vw, 1024px\" title=\"Latest news\">\t\t\t\t\t<\/a>\n\t\t\t\t\t\t\t<\/div>\n\t\t\t\t\t\t<h4 class=\"uagb-post__title uagb-post__text\">\n\t\t\t\t<a href=\"https:\/\/atbart.org\/en\/sammanstallning-av-hantering-av-overskottsmat-i-kommunala-kok\/\" target=\"_self\" rel=\"bookmark noopener noreferrer\">Sammanst\u00e4llning av hantering av \u00f6verskottsmat i kommunala k\u00f6k<\/a>\n\t\t\t<\/h4>\n\t\t\t\t\t\t<div class='uagb-post__text uagb-post-grid-byline'>\n\t\t\t\t\t\t\t\t<time datetime=\"2025-12-16T12:44:56+00:00\" class=\"uagb-post__date\">\n\t\t\t\t\t\t\t\t\tDecember 16, 2025\t\t\t\t<\/time>\n\t\t\t\t\t\t<\/div>\n\t\t\t\n\t\t\t\t\t\t\t\t\t<\/article>\n\t\t\t\t\t\t\t\t\t\t\t\t\t\t\t\t<article class=\"uagb-post__inner-wrap\">\t\t\t\t\t\t\t\t<div class='uagb-post__image'>\n\t\t\t\t\t\t\t\t\t<a href=\"https:\/\/atbart.org\/en\/forelasning-kyrkornas-matbutik-i-boras\/\" target=\"_self\" rel=\"bookmark noopener noreferrer\" class='uagb-image-ratio-inherit'><img loading=\"lazy\" decoding=\"async\" width=\"1024\" height=\"536\" src=\"https:\/\/atbart.org\/wp-content\/uploads\/2025\/12\/forelasning_feb_26_nyhet-1024x536.jpg\" class=\"attachment-large size-large\" alt=\"f\u00f6rel\u00e4sning feb 26 nyhet\" srcset=\"https:\/\/atbart.org\/wp-content\/uploads\/2025\/12\/forelasning_feb_26_nyhet-1024x536.jpg 1024w, https:\/\/atbart.org\/wp-content\/uploads\/2025\/12\/forelasning_feb_26_nyhet-300x157.jpg 300w, https:\/\/atbart.org\/wp-content\/uploads\/2025\/12\/forelasning_feb_26_nyhet-768x402.jpg 768w, https:\/\/atbart.org\/wp-content\/uploads\/2025\/12\/forelasning_feb_26_nyhet-18x9.jpg 18w, https:\/\/atbart.org\/wp-content\/uploads\/2025\/12\/forelasning_feb_26_nyhet.jpg 1200w\" sizes=\"auto, (max-width: 1024px) 100vw, 1024px\" title=\"Latest news\">\t\t\t\t\t<\/a>\n\t\t\t\t\t\t\t<\/div>\n\t\t\t\t\t\t<h4 class=\"uagb-post__title uagb-post__text\">\n\t\t\t\t<a href=\"https:\/\/atbart.org\/en\/forelasning-kyrkornas-matbutik-i-boras\/\" target=\"_self\" rel=\"bookmark noopener noreferrer\">F\u00f6rel\u00e4sning Kyrkornas Matbutik i Bor\u00e5s<\/a>\n\t\t\t<\/h4>\n\t\t\t\t\t\t<div class='uagb-post__text uagb-post-grid-byline'>\n\t\t\t\t\t\t\t\t<time datetime=\"2025-12-10T10:36:11+00:00\" class=\"uagb-post__date\">\n\t\t\t\t\t\t\t\t\tDecember 10, 2025\t\t\t\t<\/time>\n\t\t\t\t\t\t<\/div>\n\t\t\t\n\t\t\t\t\t\t\t\t\t<\/article>\n\t\t\t\t\t\t\t\t\t\t\t\t\t\t\t\t<article class=\"uagb-post__inner-wrap\">\t\t\t\t\t\t\t\t<div class='uagb-post__image'>\n\t\t\t\t\t\t\t\t\t<a href=\"https:\/\/atbart.org\/en\/forhandsvisning-av-frokriget\/\" target=\"_self\" rel=\"bookmark noopener noreferrer\" class='uagb-image-ratio-inherit'><img loading=\"lazy\" decoding=\"async\" width=\"1024\" height=\"537\" src=\"https:\/\/atbart.org\/wp-content\/uploads\/2025\/11\/Frokriget-1-1024x537.jpg\" class=\"attachment-large size-large\" alt=\"fr\u00f6kriget\" srcset=\"https:\/\/atbart.org\/wp-content\/uploads\/2025\/11\/Frokriget-1-1024x537.jpg 1024w, https:\/\/atbart.org\/wp-content\/uploads\/2025\/11\/Frokriget-1-300x157.jpg 300w, https:\/\/atbart.org\/wp-content\/uploads\/2025\/11\/Frokriget-1-768x403.jpg 768w, https:\/\/atbart.org\/wp-content\/uploads\/2025\/11\/Frokriget-1-18x9.jpg 18w, https:\/\/atbart.org\/wp-content\/uploads\/2025\/11\/Frokriget-1.jpg 1200w\" sizes=\"auto, (max-width: 1024px) 100vw, 1024px\" title=\"Latest news\">\t\t\t\t\t<\/a>\n\t\t\t\t\t\t\t<\/div>\n\t\t\t\t\t\t<h4 class=\"uagb-post__title uagb-post__text\">\n\t\t\t\t<a href=\"https:\/\/atbart.org\/en\/forhandsvisning-av-frokriget\/\" target=\"_self\" rel=\"bookmark noopener noreferrer\">F\u00f6rhandsvisning av dokument\u00e4ren Fr\u00f6kriget p\u00e5 Folk i G\u00f6teborg 18\/12<\/a>\n\t\t\t<\/h4>\n\t\t\t\t\t\t<div class='uagb-post__text uagb-post-grid-byline'>\n\t\t\t\t\t\t\t\t<time datetime=\"2025-11-26T10:00:46+00:00\" class=\"uagb-post__date\">\n\t\t\t\t\t\t\t\t\tNovember 26, 2025\t\t\t\t<\/time>\n\t\t\t\t\t\t<\/div>\n\t\t\t\n\t\t\t\t\t\t\t\t\t<\/article>\n\t\t\t\t\t\t\t\t\t\t\t\t\t\t\t\t<article class=\"uagb-post__inner-wrap\">\t\t\t\t\t\t\t\t<div class='uagb-post__image'>\n\t\t\t\t\t\t\t\t\t<a href=\"https:\/\/atbart.org\/en\/atbart-bjuder-in-till-webbinarium-den-14-oktober\/\" target=\"_self\" rel=\"bookmark noopener noreferrer\" class='uagb-image-ratio-inherit'><img loading=\"lazy\" decoding=\"async\" width=\"1024\" height=\"536\" src=\"https:\/\/atbart.org\/wp-content\/uploads\/2025\/09\/Webinarie_nyhet_2-1024x536.jpg\" class=\"attachment-large size-large\" alt=\"webinarie nyhet 2\" srcset=\"https:\/\/atbart.org\/wp-content\/uploads\/2025\/09\/Webinarie_nyhet_2-1024x536.jpg 1024w, https:\/\/atbart.org\/wp-content\/uploads\/2025\/09\/Webinarie_nyhet_2-300x157.jpg 300w, https:\/\/atbart.org\/wp-content\/uploads\/2025\/09\/Webinarie_nyhet_2-768x402.jpg 768w, https:\/\/atbart.org\/wp-content\/uploads\/2025\/09\/Webinarie_nyhet_2-18x9.jpg 18w, https:\/\/atbart.org\/wp-content\/uploads\/2025\/09\/Webinarie_nyhet_2.jpg 1200w\" sizes=\"auto, (max-width: 1024px) 100vw, 1024px\" title=\"Latest news\">\t\t\t\t\t<\/a>\n\t\t\t\t\t\t\t<\/div>\n\t\t\t\t\t\t<h4 class=\"uagb-post__title uagb-post__text\">\n\t\t\t\t<a href=\"https:\/\/atbart.org\/en\/atbart-bjuder-in-till-webbinarium-den-14-oktober\/\" target=\"_self\" rel=\"bookmark noopener noreferrer\">\u00c4tbart bjuder in till webbinarium den 14 oktober<\/a>\n\t\t\t<\/h4>\n\t\t\t\t\t\t<div class='uagb-post__text uagb-post-grid-byline'>\n\t\t\t\t\t\t\t\t<time datetime=\"2025-09-29T10:00:56+00:00\" class=\"uagb-post__date\">\n\t\t\t\t\t\t\t\t\tSeptember 29, 2025\t\t\t\t<\/time>\n\t\t\t\t\t\t<\/div>\n\t\t\t\n\t\t\t\t\t\t\t\t\t<\/article>\n\t\t\t\t\t\t\t\t\t\t\t\t\t<div class=\"uagb-post-pagination-wrap\">\n\t\t\t\t\t\t<span aria-current=\"page\" class=\"page-numbers current\">1<\/span>\n<a class=\"page-numbers\" href=\"https:\/\/atbart.org\/en\/wp-json\/wp\/v2\/pages\/2950\/page\/2\/\">2<\/a>\n<a class=\"page-numbers\" href=\"https:\/\/atbart.org\/en\/wp-json\/wp\/v2\/pages\/2950\/page\/3\/\">3<\/a>\n<a class=\"next page-numbers\" href=\"https:\/\/atbart.org\/en\/wp-json\/wp\/v2\/pages\/2950\/page\/2\/\">n\u00e4sta \u00bb<\/a>\t\t\t\t\t<\/div>\n\t\t\t\t\t\t\t\t<\/div>\n\t\t\t<\/div>\n<\/div>\n<\/div>","protected":false},"excerpt":{"rendered":"<p>Senaste nytt Senaste nytt H\u00e4r finner ni \u00c4tbarts senaste nyheter kring vad som h\u00e4nder inom f\u00f6reningen och i projekten. Vill [&hellip;]<\/p>\n","protected":false},"author":1,"featured_media":0,"parent":0,"menu_order":0,"comment_status":"closed","ping_status":"closed","template":"","meta":{"_uag_custom_page_level_css":"","_monsterinsights_skip_tracking":false,"_monsterinsights_sitenote_active":false,"_monsterinsights_sitenote_note":"","_monsterinsights_sitenote_category":0,"_uf_show_specific_survey":0,"_uf_disable_surveys":false,"site-sidebar-layout":"default","site-content-layout":"","ast-site-content-layout":"default","site-content-style":"default","site-sidebar-style":"default","ast-global-header-display":"","ast-banner-title-visibility":"","ast-main-header-display":"","ast-hfb-above-header-display":"","ast-hfb-below-header-display":"","ast-hfb-mobile-header-display":"","site-post-title":"disabled","ast-breadcrumbs-content":"","ast-featured-img":"","footer-sml-layout":"","ast-disable-related-posts":"","theme-transparent-header-meta":"","adv-header-id-meta":"","stick-header-meta":"","header-above-stick-meta":"","header-main-stick-meta":"","header-below-stick-meta":"","astra-migrate-meta-layouts":"set","ast-page-background-enabled":"default","ast-page-background-meta":{"desktop":{"background-color":"var(--ast-global-color-4)","background-image":"","background-repeat":"repeat","background-position":"center center","background-size":"auto","background-attachment":"scroll","background-type":"","background-media":"","overlay-type":"","overlay-color":"","overlay-opacity":"","overlay-gradient":""},"tablet":{"background-color":"","background-image":"","background-repeat":"repeat","background-position":"center center","background-size":"auto","background-attachment":"scroll","background-type":"","background-media":"","overlay-type":"","overlay-color":"","overlay-opacity":"","overlay-gradient":""},"mobile":{"background-color":"","background-image":"","background-repeat":"repeat","background-position":"center center","background-size":"auto","background-attachment":"scroll","background-type":"","background-media":"","overlay-type":"","overlay-color":"","overlay-opacity":"","overlay-gradient":""}},"ast-content-background-meta":{"desktop":{"background-color":"var(--ast-global-color-5)","background-image":"","background-repeat":"repeat","background-position":"center center","background-size":"auto","background-attachment":"scroll","background-type":"","background-media":"","overlay-type":"","overlay-color":"","overlay-opacity":"","overlay-gradient":""},"tablet":{"background-color":"var(--ast-global-color-5)","background-image":"","background-repeat":"repeat","background-position":"center center","background-size":"auto","background-attachment":"scroll","background-type":"","background-media":"","overlay-type":"","overlay-color":"","overlay-opacity":"","overlay-gradient":""},"mobile":{"background-color":"var(--ast-global-color-5)","background-image":"","background-repeat":"repeat","background-position":"center center","background-size":"auto","background-attachment":"scroll","background-type":"","background-media":"","overlay-type":"","overlay-color":"","overlay-opacity":"","overlay-gradient":""}},"footnotes":""},"class_list":["post-2950","page","type-page","status-publish","hentry"],"aioseo_notices":[],"uagb_featured_image_src":{"full":false,"thumbnail":false,"medium":false,"medium_large":false,"large":false,"1536x1536":false,"2048x2048":false,"trp-custom-language-flag":false},"uagb_author_info":{"display_name":"Zuni Vargas Catalan","author_link":"https:\/\/atbart.org\/en\/author\/zuni_atbart\/"},"uagb_comment_info":0,"uagb_excerpt":"Senaste nytt Senaste nytt H\u00e4r finner ni \u00c4tbarts senaste nyheter kring vad som h\u00e4nder inom f\u00f6reningen och i projekten. Vill [&hellip;]","_links":{"self":[{"href":"https:\/\/atbart.org\/en\/wp-json\/wp\/v2\/pages\/2950","targetHints":{"allow":["GET"]}}],"collection":[{"href":"https:\/\/atbart.org\/en\/wp-json\/wp\/v2\/pages"}],"about":[{"href":"https:\/\/atbart.org\/en\/wp-json\/wp\/v2\/types\/page"}],"author":[{"embeddable":true,"href":"https:\/\/atbart.org\/en\/wp-json\/wp\/v2\/users\/1"}],"replies":[{"embeddable":true,"href":"https:\/\/atbart.org\/en\/wp-json\/wp\/v2\/comments?post=2950"}],"version-history":[{"count":61,"href":"https:\/\/atbart.org\/en\/wp-json\/wp\/v2\/pages\/2950\/revisions"}],"predecessor-version":[{"id":4214,"href":"https:\/\/atbart.org\/en\/wp-json\/wp\/v2\/pages\/2950\/revisions\/4214"}],"wp:attachment":[{"href":"https:\/\/atbart.org\/en\/wp-json\/wp\/v2\/media?parent=2950"}],"curies":[{"name":"wp","href":"https:\/\/api.w.org\/{rel}","templated":true}]}}