{"id":2917,"date":"2025-11-19T12:17:56","date_gmt":"2025-11-19T12:17:56","guid":{"rendered":"https:\/\/nyahemsidan.atbart.org\/?page_id=2917"},"modified":"2026-02-19T12:57:34","modified_gmt":"2026-02-19T12:57:34","slug":"omfordela-mat-information-och-praktiska-rad","status":"publish","type":"page","link":"https:\/\/atbart.org\/en\/omfordela-mat-information-och-praktiska-rad\/","title":{"rendered":"Omf\u00f6rdela mat &#8211; information och praktiska r\u00e5d"},"content":{"rendered":"<div class=\"wp-block-uagb-container uagb-block-8de9c239 alignfull uagb-is-root-container\"><div class=\"uagb-container-inner-blocks-wrap\">\n<div class=\"wp-block-uagb-advanced-heading uagb-block-99148d6e\"><h1 class=\"uagb-heading-text\">Omf\u00f6rdela mat<\/h1><\/div>\n<\/div><\/div>\n\n\n\n<div class=\"wp-block-uagb-container uagb-block-e2515c33 alignfull uagb-is-root-container\"><div class=\"uagb-container-inner-blocks-wrap\">\n<div class=\"wp-block-uagb-container uagb-block-f000ff7e\">\n<div class=\"wp-block-uagb-info-box uagb-block-d486f8b5 uagb-infobox__content-wrap  uagb-infobox-icon-above-title uagb-infobox-image-valign-top wp-block-uagb-info-box--has-margin\"><div class=\"uagb-infobox-margin-wrapper\"><div class=\"uagb-ifb-content\"><div class=\"uagb-ifb-title-wrap\"><h2 class=\"uagb-ifb-title\">Om handboken<\/h2><\/div><p class=\"uagb-ifb-desc\"><em>Omf\u00f6rdela mat \u2013 information och praktiska r\u00e5d <\/em>\u00e4r en praktiskt inriktad handbok f\u00f6r alla typer av matbanker och omf\u00f6rdelande verksamheter. Fokus ligger framf\u00f6r allt p\u00e5 omf\u00f6rdelning genom matkasseutdelning, men inneh\u00e5llet \u00e4r relevant \u00e4ven f\u00f6r verksamheter som arbetar p\u00e5 andra s\u00e4tt. Handboken \u00e4r framtagen f\u00f6r att ge information om regler, konkreta verktyg, v\u00e4gledning och st\u00f6d i s\u00e5v\u00e4l uppstart som i det dagliga arbetet.<br><br>Nu i en uppdaterad upplaga med information om att ta emot serverings\u00f6verskott och att samarbeta med g\u00e5rdar.<\/p><\/div><\/div><\/div>\n\n\n\n<div class=\"wp-block-uagb-buttons uagb-buttons__outer-wrap uagb-btn__default-btn uagb-btn-tablet__default-btn uagb-btn-mobile__default-btn uagb-block-9fd447f2\"><div class=\"uagb-buttons__wrap uagb-buttons-layout-wrap\">\n<div class=\"wp-block-uagb-buttons-child uagb-buttons__outer-wrap uagb-block-e2c4142b wp-block-button\"><div class=\"uagb-button__wrapper\"><a class=\"uagb-buttons-repeater wp-block-button__link\" aria-label=\"\" href=\"https:\/\/atbart.org\/wp-content\/uploads\/2026\/02\/SMN_Handbok_2026_Digital_18-feb.pdf\" rel=\"follow noopener\" target=\"_self\" role=\"button\"><div class=\"uagb-button__link\">Ladda ner Omf\u00f6rdela mat &#8211; information &amp; praktiska r\u00e5d<\/div><\/a><\/div><\/div>\n<\/div><\/div>\n<\/div>\n\n\n\n<div class=\"wp-block-uagb-container uagb-block-d0adb6d9\">\n<figure class=\"wp-block-image size-full\" style=\"margin-right:0;margin-left:0\"><img loading=\"lazy\" decoding=\"async\" width=\"874\" height=\"1240\" src=\"https:\/\/atbart.org\/wp-content\/uploads\/2025\/10\/medlemsbroschyr_omslag.png\" alt=\"medlemsbroschyr omslag\" class=\"wp-image-2101\" title=\"Omf\u00f6rdela mat - information och praktiska r\u00e5d\" srcset=\"https:\/\/atbart.org\/wp-content\/uploads\/2025\/10\/medlemsbroschyr_omslag.png 874w, https:\/\/atbart.org\/wp-content\/uploads\/2025\/10\/medlemsbroschyr_omslag-211x300.png 211w, https:\/\/atbart.org\/wp-content\/uploads\/2025\/10\/medlemsbroschyr_omslag-722x1024.png 722w, https:\/\/atbart.org\/wp-content\/uploads\/2025\/10\/medlemsbroschyr_omslag-768x1090.png 768w, https:\/\/atbart.org\/wp-content\/uploads\/2025\/10\/medlemsbroschyr_omslag-8x12.png 8w\" sizes=\"auto, (max-width: 874px) 100vw, 874px\" \/><\/figure>\n<\/div>\n<\/div><\/div>\n\n\n\n<div class=\"wp-block-uagb-container uagb-layout-grid uagb-block-y8qmwkz6 alignfull uagb-is-root-container\"><div class=\"uagb-container-inner-blocks-wrap\">\n<div class=\"wp-block-uagb-info-box uagb-block-krc4lcec uagb-infobox__content-wrap  uagb-infobox-icon-above-title uagb-infobox-image-valign-top\"><div class=\"uagb-ifb-content\"><div class=\"uagb-ifb-title-wrap\"><h2 class=\"uagb-ifb-title\">Sammanfattning<\/h2><\/div><p class=\"uagb-ifb-desc\">Handboken samlar information om vad som beh\u00f6vs f\u00f6r att starta och driva en matbank. Den inneh\u00e5ller checklistor f\u00f6r uppstart, rutiner och organisation, samt praktisk information om livsmedelshantering, livsmedelss\u00e4kerhet och samarbeten med butiker, stork\u00f6k, g\u00e5rdar och andra livsmedelsakt\u00f6rer.<br><br>Ut\u00f6ver de praktiska momenten lyfter handboken \u00e4ven annat som kan vara bra att t\u00e4nka p\u00e5  \u2013 till exempel bem\u00f6tande av mottagare, samordning av volont\u00e4rer och hur man skapar en trygg och respektfull milj\u00f6. Den ger ocks\u00e5 tips och v\u00e4gledning kring hur verksamheter kan s\u00f6ka finansiering, f\u00e5 sponsring eller hitta lokaler och material som passar f\u00f6r matutdelning.<br><\/p><\/div><\/div>\n<\/div><\/div>\n\n\n\n<div class=\"wp-block-uagb-container uagb-block-suhu4edd alignfull uagb-is-root-container\"><div class=\"uagb-container-inner-blocks-wrap\">\n<div class=\"wp-block-uagb-container uagb-block-rheprtav alignfull uagb-is-root-container\"><div class=\"uagb-container-inner-blocks-wrap\">\n<div class=\"wp-block-uagb-info-box uagb-block-prpgjbh9 uagb-infobox__content-wrap  uagb-infobox-icon-above-title uagb-infobox-image-valign-top\"><div class=\"uagb-ifb-content\"><div class=\"uagb-ifb-title-wrap\"><h3 class=\"uagb-ifb-title\">Best\u00e4ll en tryckt handbok<\/h3><\/div><p class=\"uagb-ifb-desc\">Vill din organisation ha ett tryckt exemplar? <br><\/p><\/div><\/div>\n\n\n\n<div class=\"wp-block-uagb-buttons uagb-buttons__outer-wrap uagb-btn__default-btn uagb-btn-tablet__default-btn uagb-btn-mobile__default-btn uagb-block-39cyrxwc\"><div class=\"uagb-buttons__wrap uagb-buttons-layout-wrap\">\n<div class=\"wp-block-uagb-buttons-child uagb-buttons__outer-wrap uagb-block-ruaejnrh wp-block-button\"><div class=\"uagb-button__wrapper\"><a class=\"uagb-buttons-repeater wp-block-button__link\" aria-label=\"\" href=\"emailto:donation@atbart.org\" rel=\"follow noopener\" target=\"_self\" role=\"button\"><div class=\"uagb-button__link\">Contact us<\/div><\/a><\/div><\/div>\n<\/div><\/div>\n<\/div><\/div>\n<\/div><\/div>","protected":false},"excerpt":{"rendered":"<p>Omf\u00f6rdela mat<\/p>","protected":false},"author":1,"featured_media":0,"parent":0,"menu_order":0,"comment_status":"closed","ping_status":"closed","template":"","meta":{"_uag_custom_page_level_css":"","_monsterinsights_skip_tracking":false,"_monsterinsights_sitenote_active":false,"_monsterinsights_sitenote_note":"","_monsterinsights_sitenote_category":0,"_uf_show_specific_survey":0,"_uf_disable_surveys":false,"site-sidebar-layout":"default","site-content-layout":"","ast-site-content-layout":"default","site-content-style":"default","site-sidebar-style":"default","ast-global-header-display":"","ast-banner-title-visibility":"","ast-main-header-display":"","ast-hfb-above-header-display":"","ast-hfb-below-header-display":"","ast-hfb-mobile-header-display":"","site-post-title":"disabled","ast-breadcrumbs-content":"","ast-featured-img":"","footer-sml-layout":"","ast-disable-related-posts":"","theme-transparent-header-meta":"enabled","adv-header-id-meta":"","stick-header-meta":"","header-above-stick-meta":"","header-main-stick-meta":"","header-below-stick-meta":"","astra-migrate-meta-layouts":"set","ast-page-background-enabled":"default","ast-page-background-meta":{"desktop":{"background-color":"var(--ast-global-color-4)","background-image":"","background-repeat":"repeat","background-position":"center center","background-size":"auto","background-attachment":"scroll","background-type":"","background-media":"","overlay-type":"","overlay-color":"","overlay-opacity":"","overlay-gradient":""},"tablet":{"background-color":"","background-image":"","background-repeat":"repeat","background-position":"center center","background-size":"auto","background-attachment":"scroll","background-type":"","background-media":"","overlay-type":"","overlay-color":"","overlay-opacity":"","overlay-gradient":""},"mobile":{"background-color":"","background-image":"","background-repeat":"repeat","background-position":"center center","background-size":"auto","background-attachment":"scroll","background-type":"","background-media":"","overlay-type":"","overlay-color":"","overlay-opacity":"","overlay-gradient":""}},"ast-content-background-meta":{"desktop":{"background-color":"var(--ast-global-color-5)","background-image":"","background-repeat":"repeat","background-position":"center center","background-size":"auto","background-attachment":"scroll","background-type":"","background-media":"","overlay-type":"","overlay-color":"","overlay-opacity":"","overlay-gradient":""},"tablet":{"background-color":"var(--ast-global-color-5)","background-image":"","background-repeat":"repeat","background-position":"center center","background-size":"auto","background-attachment":"scroll","background-type":"","background-media":"","overlay-type":"","overlay-color":"","overlay-opacity":"","overlay-gradient":""},"mobile":{"background-color":"var(--ast-global-color-5)","background-image":"","background-repeat":"repeat","background-position":"center center","background-size":"auto","background-attachment":"scroll","background-type":"","background-media":"","overlay-type":"","overlay-color":"","overlay-opacity":"","overlay-gradient":""}},"footnotes":""},"class_list":["post-2917","page","type-page","status-publish","hentry"],"aioseo_notices":[],"uagb_featured_image_src":{"full":false,"thumbnail":false,"medium":false,"medium_large":false,"large":false,"1536x1536":false,"2048x2048":false,"trp-custom-language-flag":false},"uagb_author_info":{"display_name":"Zuni Vargas Catalan","author_link":"https:\/\/atbart.org\/en\/author\/zuni_atbart\/"},"uagb_comment_info":0,"uagb_excerpt":"Omf\u00f6rdela mat","_links":{"self":[{"href":"https:\/\/atbart.org\/en\/wp-json\/wp\/v2\/pages\/2917","targetHints":{"allow":["GET"]}}],"collection":[{"href":"https:\/\/atbart.org\/en\/wp-json\/wp\/v2\/pages"}],"about":[{"href":"https:\/\/atbart.org\/en\/wp-json\/wp\/v2\/types\/page"}],"author":[{"embeddable":true,"href":"https:\/\/atbart.org\/en\/wp-json\/wp\/v2\/users\/1"}],"replies":[{"embeddable":true,"href":"https:\/\/atbart.org\/en\/wp-json\/wp\/v2\/comments?post=2917"}],"version-history":[{"count":12,"href":"https:\/\/atbart.org\/en\/wp-json\/wp\/v2\/pages\/2917\/revisions"}],"predecessor-version":[{"id":4661,"href":"https:\/\/atbart.org\/en\/wp-json\/wp\/v2\/pages\/2917\/revisions\/4661"}],"wp:attachment":[{"href":"https:\/\/atbart.org\/en\/wp-json\/wp\/v2\/media?parent=2917"}],"curies":[{"name":"wp","href":"https:\/\/api.w.org\/{rel}","templated":true}]}}