{"id":2898,"date":"2025-11-19T10:06:02","date_gmt":"2025-11-19T10:06:02","guid":{"rendered":"https:\/\/nyahemsidan.atbart.org\/?page_id=2898"},"modified":"2026-01-22T10:04:37","modified_gmt":"2026-01-22T10:04:37","slug":"fran-jord-till-soptunna","status":"publish","type":"page","link":"https:\/\/atbart.org\/en\/fran-jord-till-soptunna\/","title":{"rendered":"Fr\u00e5n jord till soptunna"},"content":{"rendered":"<div class=\"wp-block-uagb-container uagb-block-8de9c239 alignfull uagb-is-root-container\"><div class=\"uagb-container-inner-blocks-wrap\">\n<div class=\"wp-block-uagb-advanced-heading uagb-block-99148d6e\"><h1 class=\"uagb-heading-text\">Fr\u00e5n jord till Soptunna<\/h1><\/div>\n<\/div><\/div>\n\n\n\n<div class=\"wp-block-uagb-container uagb-block-e2515c33 alignfull uagb-is-root-container\"><div class=\"uagb-container-inner-blocks-wrap\">\n<div class=\"wp-block-uagb-container uagb-block-f000ff7e\">\n<div class=\"wp-block-uagb-info-box uagb-block-d486f8b5 uagb-infobox__content-wrap  uagb-infobox-icon-above-title uagb-infobox-image-valign-top wp-block-uagb-info-box--has-margin\"><div class=\"uagb-infobox-margin-wrapper\"><div class=\"uagb-ifb-content\"><div class=\"uagb-ifb-title-wrap\"><h2 class=\"uagb-ifb-title\">Om Fr\u00e5n jord till soptunna<\/h2><\/div><p class=\"uagb-ifb-desc\"><strong><strong><strong>Koll p\u00e5 svinn #1 <em>Fr\u00e5n jord till soptunna \u2013 EU:s arbete med att minska matsvinn 2019-2024<\/em> belyser EU:s strategiska arbete inom matsvinn under perioden 2019-2024. <\/strong><\/strong><\/strong><\/p><\/div><\/div><\/div>\n\n\n\n<div class=\"wp-block-uagb-buttons uagb-buttons__outer-wrap uagb-btn__default-btn uagb-btn-tablet__default-btn uagb-btn-mobile__default-btn uagb-block-9fd447f2\"><div class=\"uagb-buttons__wrap uagb-buttons-layout-wrap\">\n<div class=\"wp-block-uagb-buttons-child uagb-buttons__outer-wrap uagb-block-e2c4142b wp-block-button\"><div class=\"uagb-button__wrapper\"><a class=\"uagb-buttons-repeater wp-block-button__link\" aria-label=\"\" href=\"https:\/\/atbart.org\/wp-content\/uploads\/2025\/11\/Koll-pa-svinn_Fran-jord-till-soptunna_reviderad.pdf\" rel=\"follow noopener\" target=\"_self\" role=\"button\"><div class=\"uagb-button__link\">Ladda ner Fr\u00e5n jord till soptunna<\/div><\/a><\/div><\/div>\n<\/div><\/div>\n<\/div>\n\n\n\n<div class=\"wp-block-uagb-container uagb-block-d0adb6d9\">\n<figure class=\"wp-block-image size-full\" style=\"margin-right:0;margin-left:0\"><img loading=\"lazy\" decoding=\"async\" width=\"1240\" height=\"1754\" src=\"https:\/\/atbart.org\/wp-content\/uploads\/2025\/11\/Koll-pa-svinn_Fran-jord-till-soptunna_full-framsida.png\" alt=\"koll pa svinn fran jord till soptunna full framsida\" class=\"wp-image-2181\" title=\"Fr\u00e5n jord till soptunna\" srcset=\"https:\/\/atbart.org\/wp-content\/uploads\/2025\/11\/Koll-pa-svinn_Fran-jord-till-soptunna_full-framsida.png 1240w, https:\/\/atbart.org\/wp-content\/uploads\/2025\/11\/Koll-pa-svinn_Fran-jord-till-soptunna_full-framsida-212x300.png 212w, https:\/\/atbart.org\/wp-content\/uploads\/2025\/11\/Koll-pa-svinn_Fran-jord-till-soptunna_full-framsida-724x1024.png 724w, https:\/\/atbart.org\/wp-content\/uploads\/2025\/11\/Koll-pa-svinn_Fran-jord-till-soptunna_full-framsida-768x1086.png 768w, https:\/\/atbart.org\/wp-content\/uploads\/2025\/11\/Koll-pa-svinn_Fran-jord-till-soptunna_full-framsida-1086x1536.png 1086w, https:\/\/atbart.org\/wp-content\/uploads\/2025\/11\/Koll-pa-svinn_Fran-jord-till-soptunna_full-framsida-8x12.png 8w\" sizes=\"auto, (max-width: 1240px) 100vw, 1240px\" \/><\/figure>\n<\/div>\n<\/div><\/div>\n\n\n\n<div class=\"wp-block-uagb-container uagb-layout-grid uagb-block-y8qmwkz6 alignfull uagb-is-root-container\"><div class=\"uagb-container-inner-blocks-wrap\">\n<div class=\"wp-block-uagb-info-box uagb-block-krc4lcec uagb-infobox__content-wrap  uagb-infobox-icon-above-title uagb-infobox-image-valign-top\"><div class=\"uagb-ifb-content\"><div class=\"uagb-ifb-title-wrap\"><h2 class=\"uagb-ifb-title\">Sammanfattning<\/h2><\/div><p class=\"uagb-ifb-desc\">Rapporten <strong><strong><strong><em>Fr\u00e5n jord till soptunna \u2013 EU:s arbete med att minska matsvinn 2019-2024<\/em><\/strong><\/strong><\/strong> tar upp centrala initiativ s\u00e5som den europeiska gr\u00f6na given och jord till bord-strategin, som tillsammans syftar till att skapa ett h\u00e5llbart livsmedelssystem. Rapporten lyfter ocks\u00e5 de juridiskt bindande m\u00e5len f\u00f6r minskning av matsvinn och hur dessa p\u00e5verkar medlemsstaterna. Den ger inte bara en inblick i hur EU:s arbete har format matsvinnsfr\u00e5gan utan lyfter ocks\u00e5 fram p\u00e5g\u00e5ende initiativ som finansieras av EU.<br><br>Rapporten avslutar med att sammanfatta och reflektera \u00f6ver hur matsvinnsfr\u00e5gan kan komma att forts\u00e4tta att drivas inom EU \u2013 n\u00e5got som under den kommande mandatperioden inte bara \u00e4r avg\u00f6rande f\u00f6r att minska matsvinnet, utan ocks\u00e5 f\u00f6r att n\u00e5 flera av de globala m\u00e5len till 2030.<\/p><\/div><\/div>\n<\/div><\/div>\n\n\n\n<div class=\"wp-block-uagb-container uagb-layout-grid uagb-block-e24ee5f8 alignfull uagb-is-root-container\"><div class=\"uagb-container-inner-blocks-wrap\">\n<div class=\"wp-block-uagb-info-box uagb-block-c4944089 uagb-infobox__content-wrap  uagb-infobox-icon-above-title uagb-infobox-image-valign-top\"><div class=\"uagb-ifb-content\"><div class=\"uagb-ifb-title-wrap\"><h2 class=\"uagb-ifb-title\">Om Koll p\u00e5 svinn<\/h2><\/div><p class=\"uagb-ifb-desc\">Koll p\u00e5 svinn #1 \u00e4r den f\u00f6rsta rapporten i \u00c4tbarts serie, som har som huvudsyfte att sprida kunskap och \u00f6ka medvetenheten om vikten av att minska matsvinn och livsmedelsf\u00f6rluster. Vi vill inspirera till handling och samverkan genom att f\u00f6rdjupa f\u00f6rst\u00e5elsen f\u00f6r de system, lagar och normer som p\u00e5verkar v\u00e5rt matsystem. Genom att bevaka och sammanst\u00e4lla vad som sker inom detta f\u00e4lt, b\u00e5de nationellt och internationellt, hoppas vi kunna bidra till att f\u00e5 fler att agera f\u00f6r att minska matsvinnet och engagera sig f\u00f6r en h\u00e5llbar f\u00f6r\u00e4ndring av matsystemet.<\/p><\/div><\/div>\n<\/div><\/div>","protected":false},"excerpt":{"rendered":"<p>Fr\u00e5n jord till Soptunna<\/p>","protected":false},"author":1,"featured_media":0,"parent":0,"menu_order":0,"comment_status":"closed","ping_status":"closed","template":"","meta":{"_uag_custom_page_level_css":"","_monsterinsights_skip_tracking":false,"_monsterinsights_sitenote_active":false,"_monsterinsights_sitenote_note":"","_monsterinsights_sitenote_category":0,"_uf_show_specific_survey":0,"_uf_disable_surveys":false,"site-sidebar-layout":"default","site-content-layout":"","ast-site-content-layout":"default","site-content-style":"default","site-sidebar-style":"default","ast-global-header-display":"","ast-banner-title-visibility":"","ast-main-header-display":"","ast-hfb-above-header-display":"","ast-hfb-below-header-display":"","ast-hfb-mobile-header-display":"","site-post-title":"disabled","ast-breadcrumbs-content":"","ast-featured-img":"","footer-sml-layout":"","ast-disable-related-posts":"","theme-transparent-header-meta":"enabled","adv-header-id-meta":"","stick-header-meta":"","header-above-stick-meta":"","header-main-stick-meta":"","header-below-stick-meta":"","astra-migrate-meta-layouts":"set","ast-page-background-enabled":"default","ast-page-background-meta":{"desktop":{"background-color":"var(--ast-global-color-4)","background-image":"","background-repeat":"repeat","background-position":"center center","background-size":"auto","background-attachment":"scroll","background-type":"","background-media":"","overlay-type":"","overlay-color":"","overlay-opacity":"","overlay-gradient":""},"tablet":{"background-color":"","background-image":"","background-repeat":"repeat","background-position":"center center","background-size":"auto","background-attachment":"scroll","background-type":"","background-media":"","overlay-type":"","overlay-color":"","overlay-opacity":"","overlay-gradient":""},"mobile":{"background-color":"","background-image":"","background-repeat":"repeat","background-position":"center center","background-size":"auto","background-attachment":"scroll","background-type":"","background-media":"","overlay-type":"","overlay-color":"","overlay-opacity":"","overlay-gradient":""}},"ast-content-background-meta":{"desktop":{"background-color":"var(--ast-global-color-5)","background-image":"","background-repeat":"repeat","background-position":"center center","background-size":"auto","background-attachment":"scroll","background-type":"","background-media":"","overlay-type":"","overlay-color":"","overlay-opacity":"","overlay-gradient":""},"tablet":{"background-color":"var(--ast-global-color-5)","background-image":"","background-repeat":"repeat","background-position":"center center","background-size":"auto","background-attachment":"scroll","background-type":"","background-media":"","overlay-type":"","overlay-color":"","overlay-opacity":"","overlay-gradient":""},"mobile":{"background-color":"var(--ast-global-color-5)","background-image":"","background-repeat":"repeat","background-position":"center center","background-size":"auto","background-attachment":"scroll","background-type":"","background-media":"","overlay-type":"","overlay-color":"","overlay-opacity":"","overlay-gradient":""}},"footnotes":""},"class_list":["post-2898","page","type-page","status-publish","hentry"],"aioseo_notices":[],"uagb_featured_image_src":{"full":false,"thumbnail":false,"medium":false,"medium_large":false,"large":false,"1536x1536":false,"2048x2048":false,"trp-custom-language-flag":false},"uagb_author_info":{"display_name":"Zuni Vargas Catalan","author_link":"https:\/\/atbart.org\/en\/author\/zuni_atbart\/"},"uagb_comment_info":0,"uagb_excerpt":"Fr\u00e5n jord till Soptunna","_links":{"self":[{"href":"https:\/\/atbart.org\/en\/wp-json\/wp\/v2\/pages\/2898","targetHints":{"allow":["GET"]}}],"collection":[{"href":"https:\/\/atbart.org\/en\/wp-json\/wp\/v2\/pages"}],"about":[{"href":"https:\/\/atbart.org\/en\/wp-json\/wp\/v2\/types\/page"}],"author":[{"embeddable":true,"href":"https:\/\/atbart.org\/en\/wp-json\/wp\/v2\/users\/1"}],"replies":[{"embeddable":true,"href":"https:\/\/atbart.org\/en\/wp-json\/wp\/v2\/comments?post=2898"}],"version-history":[{"count":4,"href":"https:\/\/atbart.org\/en\/wp-json\/wp\/v2\/pages\/2898\/revisions"}],"predecessor-version":[{"id":3960,"href":"https:\/\/atbart.org\/en\/wp-json\/wp\/v2\/pages\/2898\/revisions\/3960"}],"wp:attachment":[{"href":"https:\/\/atbart.org\/en\/wp-json\/wp\/v2\/media?parent=2898"}],"curies":[{"name":"wp","href":"https:\/\/api.w.org\/{rel}","templated":true}]}}