{"id":2891,"date":"2025-11-19T09:57:44","date_gmt":"2025-11-19T09:57:44","guid":{"rendered":"https:\/\/nyahemsidan.atbart.org\/?page_id=2891"},"modified":"2025-12-09T13:24:16","modified_gmt":"2025-12-09T13:24:16","slug":"matbanksrapporten-2","status":"publish","type":"page","link":"https:\/\/atbart.org\/en\/matbanksrapporten-2\/","title":{"rendered":"Matbanksrapporten #2"},"content":{"rendered":"<div class=\"wp-block-uagb-container uagb-block-8de9c239 alignfull uagb-is-root-container\"><div class=\"uagb-container-inner-blocks-wrap\">\n<div class=\"wp-block-uagb-advanced-heading uagb-block-99148d6e\"><h1 class=\"uagb-heading-text\">Matbanksrapporten #2<\/h1><\/div>\n<\/div><\/div>\n\n\n\n<div class=\"wp-block-uagb-container uagb-block-e2515c33 alignfull uagb-is-root-container\"><div class=\"uagb-container-inner-blocks-wrap\">\n<div class=\"wp-block-uagb-container uagb-block-f000ff7e\">\n<div class=\"wp-block-uagb-info-box uagb-block-d486f8b5 uagb-infobox__content-wrap  uagb-infobox-icon-above-title uagb-infobox-image-valign-top wp-block-uagb-info-box--has-margin\"><div class=\"uagb-infobox-margin-wrapper\"><div class=\"uagb-ifb-content\"><div class=\"uagb-ifb-title-wrap\"><h2 class=\"uagb-ifb-title\">Om Matbanksrapporten #2<\/h2><\/div><p class=\"uagb-ifb-desc\"><strong><strong><strong>Matbanksrapporten #2 bygger vidare p\u00e5 tidigare forskning och analyserar de strukturella utmaningar som matbanker i Sverige st\u00e5r inf\u00f6r.<\/strong><\/strong><\/strong><\/p><\/div><\/div><\/div>\n\n\n\n<div class=\"wp-block-uagb-buttons uagb-buttons__outer-wrap uagb-btn__default-btn uagb-btn-tablet__default-btn uagb-btn-mobile__default-btn uagb-block-9fd447f2\"><div class=\"uagb-buttons__wrap uagb-buttons-layout-wrap\">\n<div class=\"wp-block-uagb-buttons-child uagb-buttons__outer-wrap uagb-block-e2c4142b wp-block-button\"><div class=\"uagb-button__wrapper\"><a class=\"uagb-buttons-repeater wp-block-button__link\" aria-label=\"\" href=\"https:\/\/atbart.org\/wp-content\/uploads\/2025\/10\/Atbart_Matbanksrapporten-2_Den-overblivna-matens-resa.pdf\" rel=\"follow noopener\" target=\"_self\" role=\"button\"><div class=\"uagb-button__link\">Ladda ner Matbanksrapporten #2<\/div><\/a><\/div><\/div>\n<\/div><\/div>\n<\/div>\n\n\n\n<div class=\"wp-block-uagb-container uagb-block-d0adb6d9\">\n<figure class=\"wp-block-image size-full\" style=\"margin-right:0;margin-left:0\"><a href=\"https:\/\/atbart.org\/wp-content\/uploads\/2025\/10\/Atbart_Matbanksrapporten-2_Den-overblivna-matens-resa.pdf\"><img loading=\"lazy\" decoding=\"async\" width=\"600\" height=\"849\" src=\"https:\/\/atbart.org\/wp-content\/uploads\/2025\/10\/Matbanksrapporten_omslag_v2.png\" alt=\"matbanksrapporten omslag v2\" class=\"wp-image-2100\" title=\"Matbanksrapporten #2\" srcset=\"https:\/\/atbart.org\/wp-content\/uploads\/2025\/10\/Matbanksrapporten_omslag_v2.png 600w, https:\/\/atbart.org\/wp-content\/uploads\/2025\/10\/Matbanksrapporten_omslag_v2-212x300.png 212w, https:\/\/atbart.org\/wp-content\/uploads\/2025\/10\/Matbanksrapporten_omslag_v2-8x12.png 8w\" sizes=\"auto, (max-width: 600px) 100vw, 600px\" \/><\/a><\/figure>\n<\/div>\n<\/div><\/div>\n\n\n\n<div class=\"wp-block-uagb-container uagb-layout-grid uagb-block-y8qmwkz6 alignfull uagb-is-root-container\"><div class=\"uagb-container-inner-blocks-wrap\">\n<div class=\"wp-block-uagb-info-box uagb-block-krc4lcec uagb-infobox__content-wrap  uagb-infobox-icon-above-title uagb-infobox-image-valign-top\"><div class=\"uagb-ifb-content\"><div class=\"uagb-ifb-title-wrap\"><h2 class=\"uagb-ifb-title\">Sammanfattning<\/h2><\/div><p class=\"uagb-ifb-desc\">Rapporten <em>Matbanksrapporten #2 \u2013 Den \u00f6verblivna matens resa: en sn\u00e5rig v\u00e4g av m\u00e5l- och intressekonflikter <\/em>belyser de komplexa relationerna mellan livsmedelsindustrin och civilsamh\u00e4llet. Den problematiserar hur marknadslogiker p\u00e5verkar v\u00e4lg\u00f6renhetsorganisationers arbete och pekar p\u00e5 behovet av grundl\u00e4ggande systemf\u00f6r\u00e4ndring. Rapporten visar att nuvarande livsmedelsdistribution riskerar att f\u00f6rst\u00e4rka snarare \u00e4n att l\u00f6sa problem. F\u00f6r en h\u00e5llbar framtid kr\u00e4vs inte bara b\u00e4ttre samarbete mellan sektorer, utan \u00e4ven strukturella f\u00f6r\u00e4ndringar i hur vi producerar, distribuerar och konsumerar mat. Men framf\u00f6rallt kr\u00e4vs det att vi till\u00e4mpar en holistisk analys d\u00e4r makt, varum\u00e4rken och intressen sk\u00e4rsk\u00e5das och lyfts fram i ljuset.<\/p><\/div><\/div>\n<\/div><\/div>\n\n\n\n<div class=\"wp-block-uagb-container uagb-block-suhu4edd alignfull uagb-is-root-container\"><div class=\"uagb-container-inner-blocks-wrap\">\n<div class=\"wp-block-uagb-container uagb-block-rheprtav alignfull uagb-is-root-container\"><div class=\"uagb-container-inner-blocks-wrap\">\n<div class=\"wp-block-uagb-info-box uagb-block-prpgjbh9 uagb-infobox__content-wrap  uagb-infobox-icon-above-title uagb-infobox-image-valign-top\"><div class=\"uagb-ifb-content\"><div class=\"uagb-ifb-title-wrap\"><h3 class=\"uagb-ifb-title\">Vill du l\u00e4sa rapporten p\u00e5 engelska? <\/h3><\/div><p class=\"uagb-ifb-desc\">Klicka p\u00e5 knappen f\u00f6r att komma till den \u00f6versatta versionen.<\/p><\/div><\/div>\n\n\n\n<div class=\"wp-block-uagb-buttons uagb-buttons__outer-wrap uagb-btn__default-btn uagb-btn-tablet__default-btn uagb-btn-mobile__default-btn uagb-block-39cyrxwc\"><div class=\"uagb-buttons__wrap uagb-buttons-layout-wrap\">\n<div class=\"wp-block-uagb-buttons-child uagb-buttons__outer-wrap uagb-block-ruaejnrh wp-block-button\"><div class=\"uagb-button__wrapper\"><a class=\"uagb-buttons-repeater wp-block-button__link\" aria-label=\"\" href=\"https:\/\/atbart.org\/en\/the-food-bank-report-2\/\" rel=\"follow noopener\" target=\"_self\" role=\"button\"><div class=\"uagb-button__link\">English version<\/div><\/a><\/div><\/div>\n<\/div><\/div>\n<\/div><\/div>\n<\/div><\/div>","protected":false},"excerpt":{"rendered":"<p>Matbanksrapporten #2<\/p>","protected":false},"author":1,"featured_media":0,"parent":0,"menu_order":0,"comment_status":"closed","ping_status":"closed","template":"","meta":{"_uag_custom_page_level_css":"","_monsterinsights_skip_tracking":false,"_monsterinsights_sitenote_active":false,"_monsterinsights_sitenote_note":"","_monsterinsights_sitenote_category":0,"_uf_show_specific_survey":0,"_uf_disable_surveys":false,"site-sidebar-layout":"default","site-content-layout":"","ast-site-content-layout":"default","site-content-style":"default","site-sidebar-style":"default","ast-global-header-display":"","ast-banner-title-visibility":"","ast-main-header-display":"","ast-hfb-above-header-display":"","ast-hfb-below-header-display":"","ast-hfb-mobile-header-display":"","site-post-title":"disabled","ast-breadcrumbs-content":"","ast-featured-img":"","footer-sml-layout":"","ast-disable-related-posts":"","theme-transparent-header-meta":"enabled","adv-header-id-meta":"","stick-header-meta":"","header-above-stick-meta":"","header-main-stick-meta":"","header-below-stick-meta":"","astra-migrate-meta-layouts":"set","ast-page-background-enabled":"default","ast-page-background-meta":{"desktop":{"background-color":"var(--ast-global-color-4)","background-image":"","background-repeat":"repeat","background-position":"center center","background-size":"auto","background-attachment":"scroll","background-type":"","background-media":"","overlay-type":"","overlay-color":"","overlay-opacity":"","overlay-gradient":""},"tablet":{"background-color":"","background-image":"","background-repeat":"repeat","background-position":"center center","background-size":"auto","background-attachment":"scroll","background-type":"","background-media":"","overlay-type":"","overlay-color":"","overlay-opacity":"","overlay-gradient":""},"mobile":{"background-color":"","background-image":"","background-repeat":"repeat","background-position":"center center","background-size":"auto","background-attachment":"scroll","background-type":"","background-media":"","overlay-type":"","overlay-color":"","overlay-opacity":"","overlay-gradient":""}},"ast-content-background-meta":{"desktop":{"background-color":"var(--ast-global-color-5)","background-image":"","background-repeat":"repeat","background-position":"center center","background-size":"auto","background-attachment":"scroll","background-type":"","background-media":"","overlay-type":"","overlay-color":"","overlay-opacity":"","overlay-gradient":""},"tablet":{"background-color":"var(--ast-global-color-5)","background-image":"","background-repeat":"repeat","background-position":"center center","background-size":"auto","background-attachment":"scroll","background-type":"","background-media":"","overlay-type":"","overlay-color":"","overlay-opacity":"","overlay-gradient":""},"mobile":{"background-color":"var(--ast-global-color-5)","background-image":"","background-repeat":"repeat","background-position":"center center","background-size":"auto","background-attachment":"scroll","background-type":"","background-media":"","overlay-type":"","overlay-color":"","overlay-opacity":"","overlay-gradient":""}},"footnotes":""},"class_list":["post-2891","page","type-page","status-publish","hentry"],"aioseo_notices":[],"uagb_featured_image_src":{"full":false,"thumbnail":false,"medium":false,"medium_large":false,"large":false,"1536x1536":false,"2048x2048":false,"trp-custom-language-flag":false},"uagb_author_info":{"display_name":"Zuni Vargas Catalan","author_link":"https:\/\/atbart.org\/en\/author\/zuni_atbart\/"},"uagb_comment_info":0,"uagb_excerpt":"Matbanksrapporten #2","_links":{"self":[{"href":"https:\/\/atbart.org\/en\/wp-json\/wp\/v2\/pages\/2891","targetHints":{"allow":["GET"]}}],"collection":[{"href":"https:\/\/atbart.org\/en\/wp-json\/wp\/v2\/pages"}],"about":[{"href":"https:\/\/atbart.org\/en\/wp-json\/wp\/v2\/types\/page"}],"author":[{"embeddable":true,"href":"https:\/\/atbart.org\/en\/wp-json\/wp\/v2\/users\/1"}],"replies":[{"embeddable":true,"href":"https:\/\/atbart.org\/en\/wp-json\/wp\/v2\/comments?post=2891"}],"version-history":[{"count":6,"href":"https:\/\/atbart.org\/en\/wp-json\/wp\/v2\/pages\/2891\/revisions"}],"predecessor-version":[{"id":3958,"href":"https:\/\/atbart.org\/en\/wp-json\/wp\/v2\/pages\/2891\/revisions\/3958"}],"wp:attachment":[{"href":"https:\/\/atbart.org\/en\/wp-json\/wp\/v2\/media?parent=2891"}],"curies":[{"name":"wp","href":"https:\/\/api.w.org\/{rel}","templated":true}]}}