{"id":2583,"date":"2025-11-12T11:18:13","date_gmt":"2025-11-12T11:18:13","guid":{"rendered":"https:\/\/nyahemsidan.atbart.org\/?page_id=2583"},"modified":"2026-04-13T06:49:41","modified_gmt":"2026-04-13T06:49:41","slug":"matbanksrapporten-1","status":"publish","type":"page","link":"https:\/\/atbart.org\/en\/matbanksrapporten-1\/","title":{"rendered":"Matbanksrapporten #1"},"content":{"rendered":"<div class=\"wp-block-uagb-container uagb-block-8de9c239 alignfull uagb-is-root-container\"><div class=\"uagb-container-inner-blocks-wrap\">\n<div class=\"wp-block-uagb-advanced-heading uagb-block-99148d6e\"><h1 class=\"uagb-heading-text\">Matbanksrapporten #1<\/h1><\/div>\n<\/div><\/div>\n\n\n\n<div class=\"wp-block-uagb-container uagb-block-e2515c33 alignfull uagb-is-root-container\"><div class=\"uagb-container-inner-blocks-wrap\">\n<div class=\"wp-block-uagb-container uagb-block-f000ff7e\">\n<div class=\"wp-block-uagb-info-box uagb-block-d486f8b5 uagb-infobox__content-wrap  uagb-infobox-icon-above-title uagb-infobox-image-valign-top wp-block-uagb-info-box--has-margin\"><div class=\"uagb-infobox-margin-wrapper\"><div class=\"uagb-ifb-content\"><div class=\"uagb-ifb-title-wrap\"><h2 class=\"uagb-ifb-title\">Om Matbanksrapporten #1<\/h2><\/div><p class=\"uagb-ifb-desc\"><strong><strong><strong>Matbanksrapporten #1 \u00e4r den f\u00f6rsta nationella sammanst\u00e4llningen \u00f6ver matbanker i Sverige och hur donerad \u00f6verskottsmat omf\u00f6rdelas. Rapporten belyser \u00e4ven etiska och praktiska dilemman som uppst\u00e5r hos matbanker som b\u00e5de agerar f\u00f6r att lindra den \u00f6kande matfattigdomen, och samtidigt bist\u00e5 med att minska matsvinnet och resurssl\u00f6seriet genom att omf\u00f6rdela donerade \u00f6verskottslivsmedel.<\/strong><\/strong><\/strong><\/p><\/div><\/div><\/div>\n\n\n\n<div class=\"wp-block-uagb-buttons uagb-buttons__outer-wrap uagb-btn__default-btn uagb-btn-tablet__default-btn uagb-btn-mobile__default-btn uagb-block-9fd447f2\"><div class=\"uagb-buttons__wrap uagb-buttons-layout-wrap\">\n<div class=\"wp-block-uagb-buttons-child uagb-buttons__outer-wrap uagb-block-e2c4142b wp-block-button\"><div class=\"uagb-button__wrapper\"><a class=\"uagb-buttons-repeater wp-block-button__link\" aria-label=\"\" href=\"https:\/\/atbart.org\/wp-content\/uploads\/2025\/10\/Matbanksrapporten-2024-Atbart-Svenska-Matbanksnatverket.pdf\" rel=\"follow noopener\" target=\"_self\" role=\"button\"><div class=\"uagb-button__link\">Ladda ner Matbanksrapporten #1<\/div><\/a><\/div><\/div>\n<\/div><\/div>\n<\/div>\n\n\n\n<div class=\"wp-block-uagb-container uagb-block-d0adb6d9\">\n<figure class=\"wp-block-image size-full\" style=\"margin-right:0;margin-left:0\"><img loading=\"lazy\" decoding=\"async\" width=\"600\" height=\"849\" src=\"https:\/\/atbart.org\/wp-content\/uploads\/2025\/10\/Matbanksrapporten_omslag_v2.png\" alt=\"matbanksrapporten omslag v2\" class=\"wp-image-2100\" title=\"Matbanksrapporten #1\" srcset=\"https:\/\/atbart.org\/wp-content\/uploads\/2025\/10\/Matbanksrapporten_omslag_v2.png 600w, https:\/\/atbart.org\/wp-content\/uploads\/2025\/10\/Matbanksrapporten_omslag_v2-212x300.png 212w, https:\/\/atbart.org\/wp-content\/uploads\/2025\/10\/Matbanksrapporten_omslag_v2-8x12.png 8w\" sizes=\"auto, (max-width: 600px) 100vw, 600px\" \/><\/figure>\n<\/div>\n<\/div><\/div>\n\n\n\n<div class=\"wp-block-uagb-container uagb-layout-grid uagb-block-y8qmwkz6 alignfull uagb-is-root-container\"><div class=\"uagb-container-inner-blocks-wrap\">\n<div class=\"wp-block-uagb-info-box uagb-block-krc4lcec uagb-infobox__content-wrap  uagb-infobox-icon-above-title uagb-infobox-image-valign-top\"><div class=\"uagb-ifb-content\"><div class=\"uagb-ifb-title-wrap\"><h2 class=\"uagb-ifb-title\">Sammanfattning<\/h2><\/div><p class=\"uagb-ifb-desc\">Rapporten <em>Matbanksrapporten #1 \u2013 av vilka och hur omf\u00f6rdelas \u00f6verskottsmat i Sverige?<\/em> g\u00e5r igenom p\u00e5 vilka olika s\u00e4tt mat omf\u00f6rdelas och f\u00f6rtydligar vad en matbank i den svenska kontexten \u00e4r. Den inneh\u00e5ller intervjuer med representanter f\u00f6r organisationer som omf\u00f6rdelar mat p\u00e5 de fyra vanligaste s\u00e4tten; genom matkassar, servering, solidariskt kylsk\u00e5p eller sociala matbutiker. Utvecklingen av donationer och omf\u00f6rdelning av \u00f6verskottsmat unders\u00f6ks genom att identifiera h\u00e4ndelser i samh\u00e4llet, till exempel det \u00f6kade intresset att minska matsvinn parallellt med \u00f6kade ekonomiska klyftor, som har p\u00e5verkat den kraftiga \u00f6kningen av matbanker de senaste 10 \u00e5ren.<br><br>Den nationella kartl\u00e4ggningen av matbanker visar att det finns minst 220 lokala omf\u00f6rdelande verksamheter fr\u00e5n Boden till Trelleborg. Tillsammans med Sveriges Stadsmissioner har \u00c4tbart tagit fram en ny uppskattning som visar att ca 9500 ton \u00f6verskottsmat, som annars skulle blivit matsvinn, doneras \u00e5rligen. Baserat p\u00e5 \u00f6ver hundra kvalitativa intervjuer, n\u00e4tverkstr\u00e4ffar och andra samtal g\u00f6r rapporten \u00e4ven en ansats att sammanfatta de etiska dilemman som matbanker st\u00e4lls inf\u00f6r. Rapporten belyser de problemomr\u00e5den som uppst\u00e5r i sk\u00e4rningen mellan civilsamh\u00e4llets och offentlighetens ansvar f\u00f6r m\u00e4nniskor i utsatthet, samt i sk\u00e4rningen mellan livsmedelsf\u00f6retagens och civilsamh\u00e4llets intresse f\u00f6r matsvinnsfr\u00e5gan. Med grund i samtida forskning i Sverige och Finland lyfter rapporten \u00e4ven kritik mot att donationer skulle vara en win-win-l\u00f6sning p\u00e5 att b\u00e5de att minska matsvinnet och matfattigdomen.<\/p><\/div><\/div>\n<\/div><\/div>\n\n\n\n<div class=\"wp-block-uagb-container uagb-block-suhu4edd alignfull uagb-is-root-container\"><div class=\"uagb-container-inner-blocks-wrap\">\n<div class=\"wp-block-uagb-container uagb-block-rheprtav alignfull uagb-is-root-container\"><div class=\"uagb-container-inner-blocks-wrap\">\n<div class=\"wp-block-uagb-info-box uagb-block-prpgjbh9 uagb-infobox__content-wrap  uagb-infobox-icon-above-title uagb-infobox-image-valign-top\"><div class=\"uagb-ifb-content\"><div class=\"uagb-ifb-title-wrap\"><h3 class=\"uagb-ifb-title\">Vill du l\u00e4sa rapporten p\u00e5 engelska? <\/h3><\/div><p class=\"uagb-ifb-desc\">Klicka p\u00e5 knappen f\u00f6r att komma till den \u00f6versatta versionen.<\/p><\/div><\/div>\n\n\n\n<div class=\"wp-block-uagb-buttons uagb-buttons__outer-wrap uagb-btn__default-btn uagb-btn-tablet__default-btn uagb-btn-mobile__default-btn uagb-block-39cyrxwc\"><div class=\"uagb-buttons__wrap uagb-buttons-layout-wrap\">\n<div class=\"wp-block-uagb-buttons-child uagb-buttons__outer-wrap uagb-block-ruaejnrh wp-block-button\"><div class=\"uagb-button__wrapper\"><a class=\"uagb-buttons-repeater wp-block-button__link\" aria-label=\"\" href=\"https:\/\/atbart.org\/en\/the-food-bank-report-1\/\" rel=\"follow noopener\" target=\"_self\" role=\"button\"><div class=\"uagb-button__link\">English version<\/div><\/a><\/div><\/div>\n<\/div><\/div>\n<\/div><\/div>\n<\/div><\/div>","protected":false},"excerpt":{"rendered":"<p>Matbanksrapporten #1<\/p>","protected":false},"author":1,"featured_media":0,"parent":0,"menu_order":0,"comment_status":"closed","ping_status":"closed","template":"","meta":{"_uag_custom_page_level_css":"","_monsterinsights_skip_tracking":false,"_monsterinsights_sitenote_active":false,"_monsterinsights_sitenote_note":"","_monsterinsights_sitenote_category":0,"_uf_show_specific_survey":0,"_uf_disable_surveys":false,"site-sidebar-layout":"default","site-content-layout":"","ast-site-content-layout":"default","site-content-style":"default","site-sidebar-style":"default","ast-global-header-display":"","ast-banner-title-visibility":"","ast-main-header-display":"","ast-hfb-above-header-display":"","ast-hfb-below-header-display":"","ast-hfb-mobile-header-display":"","site-post-title":"disabled","ast-breadcrumbs-content":"","ast-featured-img":"","footer-sml-layout":"","ast-disable-related-posts":"","theme-transparent-header-meta":"enabled","adv-header-id-meta":"","stick-header-meta":"","header-above-stick-meta":"","header-main-stick-meta":"","header-below-stick-meta":"","astra-migrate-meta-layouts":"set","ast-page-background-enabled":"default","ast-page-background-meta":{"desktop":{"background-color":"var(--ast-global-color-4)","background-image":"","background-repeat":"repeat","background-position":"center center","background-size":"auto","background-attachment":"scroll","background-type":"","background-media":"","overlay-type":"","overlay-color":"","overlay-opacity":"","overlay-gradient":""},"tablet":{"background-color":"","background-image":"","background-repeat":"repeat","background-position":"center center","background-size":"auto","background-attachment":"scroll","background-type":"","background-media":"","overlay-type":"","overlay-color":"","overlay-opacity":"","overlay-gradient":""},"mobile":{"background-color":"","background-image":"","background-repeat":"repeat","background-position":"center center","background-size":"auto","background-attachment":"scroll","background-type":"","background-media":"","overlay-type":"","overlay-color":"","overlay-opacity":"","overlay-gradient":""}},"ast-content-background-meta":{"desktop":{"background-color":"var(--ast-global-color-5)","background-image":"","background-repeat":"repeat","background-position":"center center","background-size":"auto","background-attachment":"scroll","background-type":"","background-media":"","overlay-type":"","overlay-color":"","overlay-opacity":"","overlay-gradient":""},"tablet":{"background-color":"var(--ast-global-color-5)","background-image":"","background-repeat":"repeat","background-position":"center center","background-size":"auto","background-attachment":"scroll","background-type":"","background-media":"","overlay-type":"","overlay-color":"","overlay-opacity":"","overlay-gradient":""},"mobile":{"background-color":"var(--ast-global-color-5)","background-image":"","background-repeat":"repeat","background-position":"center center","background-size":"auto","background-attachment":"scroll","background-type":"","background-media":"","overlay-type":"","overlay-color":"","overlay-opacity":"","overlay-gradient":""}},"footnotes":""},"class_list":["post-2583","page","type-page","status-publish","hentry"],"aioseo_notices":[],"uagb_featured_image_src":{"full":false,"thumbnail":false,"medium":false,"medium_large":false,"large":false,"1536x1536":false,"2048x2048":false,"trp-custom-language-flag":false},"uagb_author_info":{"display_name":"Zuni Vargas Catalan","author_link":"https:\/\/atbart.org\/en\/author\/zuni_atbart\/"},"uagb_comment_info":0,"uagb_excerpt":"Matbanksrapporten #1","_links":{"self":[{"href":"https:\/\/atbart.org\/en\/wp-json\/wp\/v2\/pages\/2583","targetHints":{"allow":["GET"]}}],"collection":[{"href":"https:\/\/atbart.org\/en\/wp-json\/wp\/v2\/pages"}],"about":[{"href":"https:\/\/atbart.org\/en\/wp-json\/wp\/v2\/types\/page"}],"author":[{"embeddable":true,"href":"https:\/\/atbart.org\/en\/wp-json\/wp\/v2\/users\/1"}],"replies":[{"embeddable":true,"href":"https:\/\/atbart.org\/en\/wp-json\/wp\/v2\/comments?post=2583"}],"version-history":[{"count":31,"href":"https:\/\/atbart.org\/en\/wp-json\/wp\/v2\/pages\/2583\/revisions"}],"predecessor-version":[{"id":4714,"href":"https:\/\/atbart.org\/en\/wp-json\/wp\/v2\/pages\/2583\/revisions\/4714"}],"wp:attachment":[{"href":"https:\/\/atbart.org\/en\/wp-json\/wp\/v2\/media?parent=2583"}],"curies":[{"name":"wp","href":"https:\/\/api.w.org\/{rel}","templated":true}]}}