{"id":2237,"date":"2025-11-05T13:28:14","date_gmt":"2025-11-05T13:28:14","guid":{"rendered":"https:\/\/nyahemsidan.atbart.org\/?page_id=2237"},"modified":"2026-01-22T09:42:06","modified_gmt":"2026-01-22T09:42:06","slug":"bli-volontar","status":"publish","type":"page","link":"https:\/\/atbart.org\/en\/bli-volontar\/","title":{"rendered":"Bli volont\u00e4r"},"content":{"rendered":"<div class=\"wp-block-uagb-container uagb-block-8de9c239 alignfull uagb-is-root-container\"><div class=\"uagb-container-inner-blocks-wrap\">\n<div class=\"wp-block-uagb-advanced-heading uagb-block-99148d6e\"><h1 class=\"uagb-heading-text\">Bli Volont\u00e4r<\/h1><\/div>\n<\/div><\/div>\n\n\n\n<div class=\"wp-block-uagb-container uagb-block-ed6d4489 alignfull uagb-is-root-container\"><div class=\"uagb-container-inner-blocks-wrap\">\n<div class=\"wp-block-uagb-container uagb-block-027f94d1\">\n<p style=\"border-style:none;border-width:0px;border-radius:0px\">Vill du volont\u00e4rarbeta hos \u00c4tbart? Som volont\u00e4r kan du g\u00f6ra skillnad med din tid och kompetens. Vi v\u00e4lkomnar personer med olika bakgrunder och erfarenheter som vill st\u00f6tta oss i v\u00e5rt arbete.<\/p>\n\n\n\n<div style=\"height:15px\" aria-hidden=\"true\" class=\"wp-block-spacer\"><\/div>\n\n\n\n<p style=\"border-style:none;border-width:0px;border-radius:0px\">Kontakta oss p\u00e5 <a href=\"mailto:kontakt@atbart.org\">kontakt@atbart.org<\/a> med ett f\u00f6rslag p\u00e5 vad du skulle vilja hj\u00e4lpa till med \u2013 eller h\u00f6r av dig s\u00e5 kan vi tillsammans se om vi har n\u00e5got l\u00e4mpligt uppdrag.<\/p>\n\n\n\n<div class=\"wp-block-buttons is-content-justification-left is-layout-flex wp-container-core-buttons-is-layout-07d22b9a wp-block-buttons-is-layout-flex\" style=\"margin-top:var(--wp--preset--spacing--60);margin-bottom:var(--wp--preset--spacing--60)\">\n<div class=\"wp-block-button\"><a class=\"wp-block-button__link wp-element-button\" href=\"https:\/\/atbart.org\/en\/kontakta-oss\/\" style=\"letter-spacing:0px\">Contact us<\/a><\/div>\n<\/div>\n<\/div>\n\n\n\n<div class=\"wp-block-uagb-container uagb-block-d81d78c3\">\n<figure class=\"wp-block-image size-full\"><img loading=\"lazy\" decoding=\"async\" width=\"785\" height=\"584\" src=\"https:\/\/atbart.org\/wp-content\/uploads\/2025\/12\/Volontar_2.jpg\" alt=\"volont\u00e4r 2\" class=\"wp-image-3614\" style=\"aspect-ratio:4\/3;object-fit:cover\" title=\"Bli volont\u00e4r\" srcset=\"https:\/\/atbart.org\/wp-content\/uploads\/2025\/12\/Volontar_2.jpg 785w, https:\/\/atbart.org\/wp-content\/uploads\/2025\/12\/Volontar_2-300x223.jpg 300w, https:\/\/atbart.org\/wp-content\/uploads\/2025\/12\/Volontar_2-768x571.jpg 768w, https:\/\/atbart.org\/wp-content\/uploads\/2025\/12\/Volontar_2-16x12.jpg 16w\" sizes=\"auto, (max-width: 785px) 100vw, 785px\" \/><\/figure>\n<\/div>\n<\/div><\/div>\n\n\n\n<div style=\"height:15px\" aria-hidden=\"true\" class=\"wp-block-spacer\"><\/div>\n\n\n\n<div class=\"wp-block-uagb-container uagb-block-02c73c2d alignfull uagb-is-root-container\"><div class=\"uagb-container-inner-blocks-wrap\">\n<div class=\"wp-block-uagb-info-box uagb-block-5ab08ed5 uagb-infobox__content-wrap  uagb-infobox-icon-above-title uagb-infobox-image-valign-top wp-block-uagb-info-box--has-margin\"><div class=\"uagb-infobox-margin-wrapper\"><div class=\"uagb-ifb-content\"><div class=\"uagb-ifb-title-wrap\"><h2 class=\"uagb-ifb-title\">Exempel p\u00e5 volont\u00e4ruppdrag<\/h2><\/div><\/div><\/div><\/div>\n\n\n\n<div class=\"wp-block-uagb-container uagb-block-b9e0d422 alignfull uagb-is-root-container\"><div class=\"uagb-container-inner-blocks-wrap\">\n<div class=\"wp-block-columns is-layout-flex wp-container-core-columns-is-layout-ec2e7a44 wp-block-columns-is-layout-flex\" style=\"padding-top:0;padding-bottom:0\">\n<div class=\"wp-block-column is-layout-flow wp-block-column-is-layout-flow\" style=\"flex-basis:100%\">\n<div class=\"wp-block-uagb-info-box uagb-block-69f0c91f uagb-infobox__content-wrap  uagb-infobox-icon-left-title uagb-infobox-left uagb-infobox-image-valign-middle\"><div class=\"uagb-ifb-content\"><div class=\"uagb-ifb-left-title-image\"><div class=\"uagb-ifb-icon-wrap\"><svg xmlns=\"https:\/\/www.w3.org\/2000\/svg\" viewbox=\"0 0 448 512\"><path d=\"M438.6 105.4C451.1 117.9 451.1 138.1 438.6 150.6L182.6 406.6C170.1 419.1 149.9 419.1 137.4 406.6L9.372 278.6C-3.124 266.1-3.124 245.9 9.372 233.4C21.87 220.9 42.13 220.9 54.63 233.4L159.1 338.7L393.4 105.4C405.9 92.88 426.1 92.88 438.6 105.4H438.6z\"><\/path><\/svg><\/div><div class=\"uagb-ifb-title-wrap\"><h3 class=\"uagb-ifb-title\">Datainsamlingar<\/h3><\/div><\/div><p class=\"uagb-ifb-desc\">Tidigare volont\u00e4rer har hj\u00e4lpt oss att samla in data, till exempel kontaktuppgifter till skolor och kommuner inom projektet <em>Matsvinn p\u00e5 schemat<\/em>.<\/p><\/div><\/div>\n\n\n\n<div class=\"wp-block-uagb-info-box uagb-block-5abc1388 uagb-infobox__content-wrap  uagb-infobox-icon-left-title uagb-infobox-left uagb-infobox-image-valign-middle\"><div class=\"uagb-ifb-content\"><div class=\"uagb-ifb-left-title-image\"><div class=\"uagb-ifb-icon-wrap\"><svg xmlns=\"https:\/\/www.w3.org\/2000\/svg\" viewbox=\"0 0 448 512\"><path d=\"M438.6 105.4C451.1 117.9 451.1 138.1 438.6 150.6L182.6 406.6C170.1 419.1 149.9 419.1 137.4 406.6L9.372 278.6C-3.124 266.1-3.124 245.9 9.372 233.4C21.87 220.9 42.13 220.9 54.63 233.4L159.1 338.7L393.4 105.4C405.9 92.88 426.1 92.88 438.6 105.4H438.6z\"><\/path><\/svg><\/div><div class=\"uagb-ifb-title-wrap\"><h3 class=\"uagb-ifb-title\">Forskning<\/h3><\/div><\/div><p class=\"uagb-ifb-desc\">Vi samarbetar g\u00e4rna med forskare och studenter som vill skriva rapporter eller examensarbeten kopplade till v\u00e5ra sakfr\u00e5gor.<\/p><\/div><\/div>\n<\/div>\n\n\n\n<div class=\"wp-block-column is-layout-flow wp-block-column-is-layout-flow\" style=\"flex-basis:100%\">\n<div class=\"wp-block-group is-layout-constrained wp-block-group-is-layout-constrained\">\n<div class=\"wp-block-uagb-info-box uagb-block-9e9d01da uagb-infobox__content-wrap  uagb-infobox-icon-left-title uagb-infobox-left uagb-infobox-image-valign-middle\"><div class=\"uagb-ifb-content\"><div class=\"uagb-ifb-left-title-image\"><div class=\"uagb-ifb-icon-wrap\"><svg xmlns=\"https:\/\/www.w3.org\/2000\/svg\" viewbox=\"0 0 448 512\"><path d=\"M438.6 105.4C451.1 117.9 451.1 138.1 438.6 150.6L182.6 406.6C170.1 419.1 149.9 419.1 137.4 406.6L9.372 278.6C-3.124 266.1-3.124 245.9 9.372 233.4C21.87 220.9 42.13 220.9 54.63 233.4L159.1 338.7L393.4 105.4C405.9 92.88 426.1 92.88 438.6 105.4H438.6z\"><\/path><\/svg><\/div><div class=\"uagb-ifb-title-wrap\"><h3 class=\"uagb-ifb-title\">IT och hemsida<\/h3><\/div><\/div><p class=\"uagb-ifb-desc\">Vi har haft volont\u00e4rer som bidragit till att utveckla och underh\u00e5lla v\u00e5ra digitala verktyg. <\/p><\/div><\/div>\n\n\n\n<div class=\"wp-block-uagb-info-box uagb-block-b5d4d246 uagb-infobox__content-wrap  uagb-infobox-icon-left-title uagb-infobox-left uagb-infobox-image-valign-middle\"><div class=\"uagb-ifb-content\"><div class=\"uagb-ifb-left-title-image\"><div class=\"uagb-ifb-icon-wrap\"><svg xmlns=\"https:\/\/www.w3.org\/2000\/svg\" viewbox=\"0 0 448 512\"><path d=\"M438.6 105.4C451.1 117.9 451.1 138.1 438.6 150.6L182.6 406.6C170.1 419.1 149.9 419.1 137.4 406.6L9.372 278.6C-3.124 266.1-3.124 245.9 9.372 233.4C21.87 220.9 42.13 220.9 54.63 233.4L159.1 338.7L393.4 105.4C405.9 92.88 426.1 92.88 438.6 105.4H438.6z\"><\/path><\/svg><\/div><div class=\"uagb-ifb-title-wrap\"><h3 class=\"uagb-ifb-title\">Korrekturl\u00e4sning<\/h3><\/div><\/div><p class=\"uagb-ifb-desc\">Volont\u00e4rer har ocks\u00e5 hj\u00e4lpt oss att korrekturl\u00e4sa texter och rapporter p\u00e5 b\u00e5de svenska och engelska.<\/p><\/div><\/div>\n<\/div>\n<\/div>\n<\/div>\n<\/div><\/div>\n<\/div><\/div>","protected":false},"excerpt":{"rendered":"<p>Bli Volont\u00e4r Vill du volont\u00e4rarbeta hos \u00c4tbart? Som volont\u00e4r kan du g\u00f6ra skillnad med din tid och kompetens. Vi v\u00e4lkomnar [&hellip;]<\/p>\n","protected":false},"author":1,"featured_media":0,"parent":0,"menu_order":0,"comment_status":"closed","ping_status":"closed","template":"","meta":{"_uag_custom_page_level_css":"","_monsterinsights_skip_tracking":false,"_monsterinsights_sitenote_active":false,"_monsterinsights_sitenote_note":"","_monsterinsights_sitenote_category":0,"_uf_show_specific_survey":0,"_uf_disable_surveys":false,"site-sidebar-layout":"default","site-content-layout":"","ast-site-content-layout":"default","site-content-style":"default","site-sidebar-style":"default","ast-global-header-display":"","ast-banner-title-visibility":"","ast-main-header-display":"","ast-hfb-above-header-display":"","ast-hfb-below-header-display":"","ast-hfb-mobile-header-display":"","site-post-title":"disabled","ast-breadcrumbs-content":"","ast-featured-img":"","footer-sml-layout":"","ast-disable-related-posts":"","theme-transparent-header-meta":"enabled","adv-header-id-meta":"","stick-header-meta":"","header-above-stick-meta":"","header-main-stick-meta":"","header-below-stick-meta":"","astra-migrate-meta-layouts":"set","ast-page-background-enabled":"default","ast-page-background-meta":{"desktop":{"background-color":"var(--ast-global-color-4)","background-image":"","background-repeat":"repeat","background-position":"center center","background-size":"auto","background-attachment":"scroll","background-type":"","background-media":"","overlay-type":"","overlay-color":"","overlay-opacity":"","overlay-gradient":""},"tablet":{"background-color":"","background-image":"","background-repeat":"repeat","background-position":"center center","background-size":"auto","background-attachment":"scroll","background-type":"","background-media":"","overlay-type":"","overlay-color":"","overlay-opacity":"","overlay-gradient":""},"mobile":{"background-color":"","background-image":"","background-repeat":"repeat","background-position":"center center","background-size":"auto","background-attachment":"scroll","background-type":"","background-media":"","overlay-type":"","overlay-color":"","overlay-opacity":"","overlay-gradient":""}},"ast-content-background-meta":{"desktop":{"background-color":"var(--ast-global-color-5)","background-image":"","background-repeat":"repeat","background-position":"center center","background-size":"auto","background-attachment":"scroll","background-type":"","background-media":"","overlay-type":"","overlay-color":"","overlay-opacity":"","overlay-gradient":""},"tablet":{"background-color":"var(--ast-global-color-5)","background-image":"","background-repeat":"repeat","background-position":"center center","background-size":"auto","background-attachment":"scroll","background-type":"","background-media":"","overlay-type":"","overlay-color":"","overlay-opacity":"","overlay-gradient":""},"mobile":{"background-color":"var(--ast-global-color-5)","background-image":"","background-repeat":"repeat","background-position":"center center","background-size":"auto","background-attachment":"scroll","background-type":"","background-media":"","overlay-type":"","overlay-color":"","overlay-opacity":"","overlay-gradient":""}},"footnotes":""},"class_list":["post-2237","page","type-page","status-publish","hentry"],"aioseo_notices":[],"uagb_featured_image_src":{"full":false,"thumbnail":false,"medium":false,"medium_large":false,"large":false,"1536x1536":false,"2048x2048":false,"trp-custom-language-flag":false},"uagb_author_info":{"display_name":"Zuni Vargas Catalan","author_link":"https:\/\/atbart.org\/en\/author\/zuni_atbart\/"},"uagb_comment_info":0,"uagb_excerpt":"Bli Volont\u00e4r Vill du volont\u00e4rarbeta hos \u00c4tbart? Som volont\u00e4r kan du g\u00f6ra skillnad med din tid och kompetens. Vi v\u00e4lkomnar [&hellip;]","_links":{"self":[{"href":"https:\/\/atbart.org\/en\/wp-json\/wp\/v2\/pages\/2237","targetHints":{"allow":["GET"]}}],"collection":[{"href":"https:\/\/atbart.org\/en\/wp-json\/wp\/v2\/pages"}],"about":[{"href":"https:\/\/atbart.org\/en\/wp-json\/wp\/v2\/types\/page"}],"author":[{"embeddable":true,"href":"https:\/\/atbart.org\/en\/wp-json\/wp\/v2\/users\/1"}],"replies":[{"embeddable":true,"href":"https:\/\/atbart.org\/en\/wp-json\/wp\/v2\/comments?post=2237"}],"version-history":[{"count":10,"href":"https:\/\/atbart.org\/en\/wp-json\/wp\/v2\/pages\/2237\/revisions"}],"predecessor-version":[{"id":4496,"href":"https:\/\/atbart.org\/en\/wp-json\/wp\/v2\/pages\/2237\/revisions\/4496"}],"wp:attachment":[{"href":"https:\/\/atbart.org\/en\/wp-json\/wp\/v2\/media?parent=2237"}],"curies":[{"name":"wp","href":"https:\/\/api.w.org\/{rel}","templated":true}]}}