{"id":1990,"date":"2025-10-28T14:02:03","date_gmt":"2025-10-28T14:02:03","guid":{"rendered":"https:\/\/nyahemsidan.atbart.org\/?page_id=1990"},"modified":"2025-12-16T10:19:32","modified_gmt":"2025-12-16T10:19:32","slug":"vanliga-fragor","status":"publish","type":"page","link":"https:\/\/atbart.org\/en\/vanliga-fragor\/","title":{"rendered":"Vanliga fr\u00e5gor"},"content":{"rendered":"<div class=\"wp-block-uagb-container uagb-block-8de9c239 alignfull uagb-is-root-container\"><div class=\"uagb-container-inner-blocks-wrap\">\n<div class=\"wp-block-uagb-advanced-heading uagb-block-99148d6e\"><h1 class=\"uagb-heading-text\">Vanliga fr\u00e5gor<\/h1><\/div>\n<\/div><\/div>\n\n\n\n<div class=\"wp-block-uagb-container uagb-block-c57e7094 alignfull uagb-is-root-container\"><div class=\"uagb-container-inner-blocks-wrap\">\n<div class=\"inherit-container-width wp-block-group alignfull has-background-background-color has-background is-layout-constrained wp-container-core-group-is-layout-7276a2bb wp-block-group-is-layout-constrained\" style=\"margin-top:0;margin-bottom:0;padding-top:var(--wp--preset--spacing--60);padding-right:var(--wp--preset--spacing--30);padding-bottom:var(--wp--preset--spacing--60);padding-left:var(--wp--preset--spacing--30)\">\n<div class=\"wp-block-columns alignwide is-layout-flex wp-container-core-columns-is-layout-643ced6b wp-block-columns-is-layout-flex\">\n<div class=\"wp-block-column is-layout-flow wp-block-column-is-layout-flow\" style=\"flex-basis:25%\">\n<h2 class=\"wp-block-heading has-large-font-size\">Fr\u00e5gor om \u00c4tbart<\/h2>\n\n\n\n<p style=\"margin-top:16px\">Detta avsnitt ger svar p\u00e5 vanligt f\u00f6rekommande fr\u00e5gor om \u00c4tbart.<\/p>\n<\/div>\n\n\n\n<div class=\"wp-block-column is-layout-flow wp-block-column-is-layout-flow\" style=\"flex-basis:75%\">\n<div class=\"wp-block-group is-layout-flow wp-block-group-is-layout-flow\" style=\"border-bottom-color:var(--wp--preset--color--tertiary);border-bottom-width:1px;margin-top:0;padding-top:0;padding-bottom:var(--wp--preset--spacing--30)\">\n<h4 class=\"wp-block-heading has-medium-font-size\"><strong>Hur kan \u00c4tbart kritisera systemet som ni verkar inom?<\/strong><\/h4>\n\n\n\n<p style=\"margin-top:12px\">Det \u00e4r \u00c4tbarts uppfattning att den som engagerar sig inom ett system \u00e4ven kan kritisera det. Genom att aktivt delta i donationssystemet hoppas \u00c4tbart kunna p\u00e5verka det i en mer h\u00e5llbar riktning.<\/p>\n<\/div>\n\n\n\n<div class=\"wp-block-group is-layout-flow wp-block-group-is-layout-flow\" style=\"border-bottom-color:var(--wp--preset--color--tertiary);border-bottom-width:1px;margin-top:0;padding-top:var(--wp--preset--spacing--30);padding-bottom:var(--wp--preset--spacing--30)\">\n<h4 class=\"wp-block-heading has-medium-font-size\"><strong>Hur bibeh\u00e5ller ni er integritet n\u00e4r ni sponsras av livsmedelsf\u00f6retag?<\/strong><\/h4>\n\n\n\n<p style=\"margin-top:12px\">Att sponsra \u00c4tbart inneb\u00e4r inte att man k\u00f6per sig lobbyism eller goodwill. Denna inst\u00e4llning har \u00c4tbart levt upp till flertalet g\u00e5nger.<\/p>\n<\/div>\n\n\n\n<div class=\"wp-block-group is-layout-flow wp-block-group-is-layout-flow\" style=\"border-bottom-color:var(--wp--preset--color--tertiary);border-bottom-width:1px;margin-top:0;padding-top:var(--wp--preset--spacing--30);padding-bottom:var(--wp--preset--spacing--30)\">\n<h4 class=\"wp-block-heading has-medium-font-size\">Hur finansieras \u00c4tbart?<\/h4>\n\n\n\n<p style=\"margin-top:12px\">\u00c4tbart finansieras genom projektmedel fr\u00e5n Kavlifonden, Postkodstiftelsen, Allm\u00e4nna Arvsfonden, samt genom medlemskap och f\u00f6retagssponsring.<\/p>\n<\/div>\n\n\n\n<div class=\"wp-block-group is-layout-flow wp-block-group-is-layout-flow\" style=\"border-bottom-color:var(--wp--preset--color--tertiary);border-bottom-width:1px;margin-top:0;padding-top:var(--wp--preset--spacing--30);padding-bottom:var(--wp--preset--spacing--30)\">\n<h4 class=\"wp-block-heading has-medium-font-size\"><strong><strong>Delar \u00c4tbart Svenska matbanksn\u00e4tverkets medlemmars trosuppfattning\/samh\u00e4llsanalys?<\/strong><\/strong><\/h4>\n\n\n\n<p style=\"margin-top:12px\">\u00c4tbart \u00e4r en religi\u00f6st obunden organisation. Vi v\u00e4rnar civilsamh\u00e4llets m\u00e5ngfald. Problemet med att kristina organisationer delar ut mat \u00e4r inte att de vilar p\u00e5 religi\u00f6s grund, utan att samh\u00e4llet misslyckats med att ta ansvar f\u00f6r de oj\u00e4mlika levnadsvillkor m\u00e4nniskor lever under. \u00c4tbart st\u00e5r bakom dessa <a href=\"https:\/\/atbart.org\/en\/svenska-matbanksnatverket\/#smn-principer\" data-type=\"link\" data-id=\"nyahemsidan.org\/anotherpage#SMN-principer\">principer <\/a>tillsammans med Svenska matbanksn\u00e4tverkets medlemmar.<\/p>\n<\/div>\n\n\n\n<div class=\"wp-block-group is-layout-flow wp-block-group-is-layout-flow\" style=\"border-bottom-color:var(--wp--preset--color--tertiary);border-bottom-width:1px;margin-top:0;padding-top:var(--wp--preset--spacing--30);padding-bottom:var(--wp--preset--spacing--30)\">\n<h4 class=\"wp-block-heading has-medium-font-size\"><strong>Var hittar man \u00c4tbarts stadgar, \u00e5rsredovisningar, m.m.?<\/strong><\/h4>\n\n\n\n<p style=\"margin-top:12px\">\u00c4tbarts styrdokument, \u00e5rsm\u00f6teshandlingar och protokoll, integritetspolicy, g\u00e5vopolicy, placeringspolicy och autogiropolicy g\u00e5r att l\u00e4sa och ladda ner i v\u00e5rt <a data-type=\"page\" data-id=\"3743\" href=\"https:\/\/atbart.org\/en\/dokumentarkiv\/\"><em>dokumentarkiv<\/em><\/a>.<\/p>\n<\/div>\n<\/div>\n<\/div>\n<\/div>\n\n\n\n<div class=\"inherit-container-width wp-block-group alignfull has-background-background-color has-background is-layout-constrained wp-container-core-group-is-layout-7276a2bb wp-block-group-is-layout-constrained\" style=\"margin-top:0;margin-bottom:0;padding-top:var(--wp--preset--spacing--60);padding-right:var(--wp--preset--spacing--30);padding-bottom:var(--wp--preset--spacing--60);padding-left:var(--wp--preset--spacing--30)\">\n<div class=\"wp-block-columns alignwide is-layout-flex wp-container-core-columns-is-layout-643ced6b wp-block-columns-is-layout-flex\">\n<div class=\"wp-block-column is-layout-flow wp-block-column-is-layout-flow\" style=\"flex-basis:25%\">\n<h2 class=\"wp-block-heading has-large-font-size\">Fr\u00e5gor om medlemskap<\/h2>\n\n\n\n<p style=\"margin-top:16px\">Detta avsnitt ger svar p\u00e5 vanligt f\u00f6rekommande fr\u00e5gor g\u00e4llande medlemskap i \u00c4tbart.<\/p>\n<\/div>\n\n\n\n<div class=\"wp-block-column is-layout-flow wp-block-column-is-layout-flow\" style=\"flex-basis:75%\">\n<div class=\"wp-block-group is-layout-flow wp-block-group-is-layout-flow\" style=\"border-bottom-color:var(--wp--preset--color--tertiary);border-bottom-width:1px;margin-top:0;padding-top:0;padding-bottom:var(--wp--preset--spacing--30)\">\n<h4 class=\"wp-block-heading has-medium-font-size\">Vad kostar det att bli medlem?<\/h4>\n\n\n\n<p style=\"margin-top:12px\">Att bli medlem i \u00c4tbart kostar <strong>99 kr\/\u00e5r<\/strong>. F\u00f6r den som vill ge ett extra st\u00f6d till f\u00f6reningen finns ocks\u00e5 m\u00f6jlighet att betala en h\u00f6gre medlemsavgift, eller att ge en g\u00e5va.<\/p>\n<\/div>\n\n\n\n<div class=\"wp-block-group is-layout-flow wp-block-group-is-layout-flow\" style=\"border-bottom-color:var(--wp--preset--color--tertiary);border-bottom-width:1px;margin-top:0;padding-top:var(--wp--preset--spacing--30);padding-bottom:var(--wp--preset--spacing--30)\">\n<h4 class=\"wp-block-heading has-medium-font-size\">Hur betalar jag min medlemsavgift?<\/h4>\n\n\n\n<p style=\"margin-top:12px\">Betalning sker i samband med att du blir <a href=\"https:\/\/checkout.octany.com\/1663\/4a97732a-8d7f-4e79-8998-147d535621d1\">medlem <\/a>och betalas in via kortbetalning med Stripe.<\/p>\n<\/div>\n\n\n\n<div class=\"wp-block-group is-layout-flow wp-block-group-is-layout-flow\" style=\"border-bottom-color:var(--wp--preset--color--tertiary);border-bottom-width:1px;margin-top:0;padding-top:var(--wp--preset--spacing--30);padding-bottom:var(--wp--preset--spacing--30)\">\n<h4 class=\"wp-block-heading has-medium-font-size\">Hur anv\u00e4nds pengarna?<\/h4>\n\n\n\n<p style=\"margin-top:12px\">\u00c4tbart \u00e4r en allm\u00e4nnyttig ideell f\u00f6rening och \u00e4r d\u00e4rigenom beroende av g\u00e5vor och medlemmar f\u00f6r att kunna driva verksamheten fram\u00e5t.<\/p>\n<\/div>\n<\/div>\n<\/div>\n<\/div>\n<\/div><\/div>","protected":false},"excerpt":{"rendered":"<p>Vanliga fr\u00e5gor Fr\u00e5gor om \u00c4tbart Detta avsnitt ger svar p\u00e5 vanligt f\u00f6rekommande fr\u00e5gor om \u00c4tbart. Hur kan \u00c4tbart kritisera systemet [&hellip;]<\/p>\n","protected":false},"author":1,"featured_media":0,"parent":0,"menu_order":0,"comment_status":"closed","ping_status":"closed","template":"","meta":{"_uag_custom_page_level_css":"","_monsterinsights_skip_tracking":false,"_monsterinsights_sitenote_active":false,"_monsterinsights_sitenote_note":"","_monsterinsights_sitenote_category":0,"_uf_show_specific_survey":0,"_uf_disable_surveys":false,"site-sidebar-layout":"default","site-content-layout":"","ast-site-content-layout":"default","site-content-style":"default","site-sidebar-style":"default","ast-global-header-display":"","ast-banner-title-visibility":"","ast-main-header-display":"","ast-hfb-above-header-display":"","ast-hfb-below-header-display":"","ast-hfb-mobile-header-display":"","site-post-title":"disabled","ast-breadcrumbs-content":"","ast-featured-img":"","footer-sml-layout":"","ast-disable-related-posts":"","theme-transparent-header-meta":"enabled","adv-header-id-meta":"","stick-header-meta":"","header-above-stick-meta":"","header-main-stick-meta":"","header-below-stick-meta":"","astra-migrate-meta-layouts":"set","ast-page-background-enabled":"default","ast-page-background-meta":{"desktop":{"background-color":"var(--ast-global-color-4)","background-image":"","background-repeat":"repeat","background-position":"center center","background-size":"auto","background-attachment":"scroll","background-type":"","background-media":"","overlay-type":"","overlay-color":"","overlay-opacity":"","overlay-gradient":""},"tablet":{"background-color":"","background-image":"","background-repeat":"repeat","background-position":"center center","background-size":"auto","background-attachment":"scroll","background-type":"","background-media":"","overlay-type":"","overlay-color":"","overlay-opacity":"","overlay-gradient":""},"mobile":{"background-color":"","background-image":"","background-repeat":"repeat","background-position":"center center","background-size":"auto","background-attachment":"scroll","background-type":"","background-media":"","overlay-type":"","overlay-color":"","overlay-opacity":"","overlay-gradient":""}},"ast-content-background-meta":{"desktop":{"background-color":"var(--ast-global-color-5)","background-image":"","background-repeat":"repeat","background-position":"center center","background-size":"auto","background-attachment":"scroll","background-type":"","background-media":"","overlay-type":"","overlay-color":"","overlay-opacity":"","overlay-gradient":""},"tablet":{"background-color":"var(--ast-global-color-5)","background-image":"","background-repeat":"repeat","background-position":"center center","background-size":"auto","background-attachment":"scroll","background-type":"","background-media":"","overlay-type":"","overlay-color":"","overlay-opacity":"","overlay-gradient":""},"mobile":{"background-color":"var(--ast-global-color-5)","background-image":"","background-repeat":"repeat","background-position":"center center","background-size":"auto","background-attachment":"scroll","background-type":"","background-media":"","overlay-type":"","overlay-color":"","overlay-opacity":"","overlay-gradient":""}},"footnotes":""},"class_list":["post-1990","page","type-page","status-publish","hentry"],"aioseo_notices":[],"uagb_featured_image_src":{"full":false,"thumbnail":false,"medium":false,"medium_large":false,"large":false,"1536x1536":false,"2048x2048":false,"trp-custom-language-flag":false},"uagb_author_info":{"display_name":"Zuni Vargas Catalan","author_link":"https:\/\/atbart.org\/en\/author\/zuni_atbart\/"},"uagb_comment_info":0,"uagb_excerpt":"Vanliga fr\u00e5gor Fr\u00e5gor om \u00c4tbart Detta avsnitt ger svar p\u00e5 vanligt f\u00f6rekommande fr\u00e5gor om \u00c4tbart. Hur kan \u00c4tbart kritisera systemet [&hellip;]","_links":{"self":[{"href":"https:\/\/atbart.org\/en\/wp-json\/wp\/v2\/pages\/1990","targetHints":{"allow":["GET"]}}],"collection":[{"href":"https:\/\/atbart.org\/en\/wp-json\/wp\/v2\/pages"}],"about":[{"href":"https:\/\/atbart.org\/en\/wp-json\/wp\/v2\/types\/page"}],"author":[{"embeddable":true,"href":"https:\/\/atbart.org\/en\/wp-json\/wp\/v2\/users\/1"}],"replies":[{"embeddable":true,"href":"https:\/\/atbart.org\/en\/wp-json\/wp\/v2\/comments?post=1990"}],"version-history":[{"count":31,"href":"https:\/\/atbart.org\/en\/wp-json\/wp\/v2\/pages\/1990\/revisions"}],"predecessor-version":[{"id":4410,"href":"https:\/\/atbart.org\/en\/wp-json\/wp\/v2\/pages\/1990\/revisions\/4410"}],"wp:attachment":[{"href":"https:\/\/atbart.org\/en\/wp-json\/wp\/v2\/media?parent=1990"}],"curies":[{"name":"wp","href":"https:\/\/api.w.org\/{rel}","templated":true}]}}