{"id":107,"date":"2025-10-20T13:34:16","date_gmt":"2025-10-20T13:34:16","guid":{"rendered":"https:\/\/nyahemsidan.atbart.org\/about\/"},"modified":"2025-12-16T14:34:45","modified_gmt":"2025-12-16T14:34:45","slug":"om-atbart","status":"publish","type":"page","link":"https:\/\/atbart.org\/en\/om-atbart\/","title":{"rendered":"About \u00c4tbart"},"content":{"rendered":"<div class=\"wp-block-uagb-container uagb-block-8de9c239 alignfull uagb-is-root-container\"><div class=\"uagb-container-inner-blocks-wrap\">\n<div class=\"wp-block-uagb-advanced-heading uagb-block-99148d6e\"><h1 class=\"uagb-heading-text\">About \u00c4tbart<\/h1><\/div>\n<\/div><\/div>\n\n\n\n<div class=\"wp-block-uagb-container uagb-block-c1107f9e alignfull uagb-is-root-container\"><div class=\"uagb-container-inner-blocks-wrap\">\n<div class=\"wp-block-uagb-image uagb-block-c87c2e84 wp-block-uagb-image--layout-default wp-block-uagb-image--effect-static wp-block-uagb-image--align-none\"><figure class=\"wp-block-uagb-image__figure\"><img decoding=\"async\" srcset=\"https:\/\/atbart.org\/wp-content\/uploads\/2025\/12\/DSCF3370-1-edited-scaled.jpg ,https:\/\/atbart.org\/wp-content\/uploads\/2025\/12\/DSCF3370-1-scaled.jpg 780w, https:\/\/atbart.org\/wp-content\/uploads\/2025\/12\/DSCF3370-1-scaled.jpg 360w\" sizes=\"auto, (max-width: 480px) 150px\" src=\"https:\/\/atbart.org\/wp-content\/uploads\/2025\/12\/DSCF3370-1-edited-scaled.jpg\" alt=\"dscf3370 1\" class=\"uag-image-4500\" width=\"568\" height=\"395\" title=\"dscf3370 1\" loading=\"lazy\" role=\"img\"\/><\/figure><\/div>\n\n\n\n<div class=\"wp-block-uagb-info-box uagb-block-fc0d3afc uagb-infobox__content-wrap  uagb-infobox-icon-above-title uagb-infobox-image-valign-top\"><div class=\"uagb-ifb-content\"><div class=\"uagb-ifb-title-wrap\"><h2 class=\"uagb-ifb-title\">Vilka vi \u00e4r<\/h2><\/div><p class=\"uagb-ifb-desc\">\u00c4tbart \u00e4r en ideell och syftesdriven f\u00f6rening som unders\u00f6ker, ifr\u00e5gas\u00e4tter och agerar i fr\u00e5gor som r\u00f6r matsvinn, livsmedels\u00f6verskott och oj\u00e4mlikhet. Vi arbetar systematiskt och vetenskapsbaserat f\u00f6r att bidra till en mer r\u00e4ttvis och h\u00e5llbar livsmedelsf\u00f6rs\u00f6rjning \u2014 d\u00e4r resurser anv\u00e4nds klokt och alla m\u00e4nniskor inkluderas.<br><br>Vi arbetar analytiskt, men n\u00e4ra vardagen. V\u00e5rt arbete drivs av nyfikenhet och r\u00e4ttvisa, inte av ideologi eller vinstintresse. Vi v\u00e4rnar dialogen och tror att f\u00f6r\u00e4ndring sker n\u00e4r fler perspektiv m\u00f6ts. Verklig h\u00e5llbarhet byggs underifr\u00e5n och vi samverkar aktivt med en nationell spridning av gr\u00e4srotsorganisationer.<\/p><\/div><\/div>\n<\/div><\/div>\n\n\n\n<div class=\"wp-block-uagb-container uagb-block-d2128f60 alignfull uagb-is-root-container\"><div class=\"uagb-container-inner-blocks-wrap\">\n<div class=\"wp-block-uagb-info-box uagb-block-b5b16059 uagb-infobox__content-wrap  uagb-infobox-icon-above-title uagb-infobox-image-valign-top\"><div class=\"uagb-ifb-content\"><div class=\"uagb-ifb-title-wrap\"><h2 class=\"uagb-ifb-title\">V\u00e5rt ursprung<\/h2><\/div><p class=\"uagb-ifb-desc\">\u00c4tbart grundades 2019 i Sk\u00f6vde med m\u00e5let att minska matsvinnet genom omf\u00f6rdelning av os\u00e5lda livsmedel. \u00c4tbart startade f\u00f6rst <em>Mathj\u00e4lpen <\/em>i Sk\u00f6vde, Skara, Mariestad och G\u00f6tene.&nbsp;<br><br>Mathj\u00e4lpen blev b\u00f6rjan p\u00e5 n\u00e5got st\u00f6rre. Erfarenheterna fr\u00e5n verksamheten visade p\u00e5 ett tydligt behov: matbanker i Sverige saknade st\u00f6d, samordning och en gemensam r\u00f6st. Det resulterade i att \u00c4tbart startade Svenska matbanksn\u00e4tverket.<\/p><\/div><\/div>\n\n\n\n<div class=\"wp-block-uagb-image uagb-block-2cfb2ec5 wp-block-uagb-image--layout-default wp-block-uagb-image--effect-static wp-block-uagb-image--align-none\"><figure class=\"wp-block-uagb-image__figure\"><img decoding=\"async\" srcset=\"https:\/\/atbart.org\/wp-content\/uploads\/2025\/12\/2088078-819x1024.jpg ,https:\/\/atbart.org\/wp-content\/uploads\/2025\/12\/2088078-scaled.jpg 780w, https:\/\/atbart.org\/wp-content\/uploads\/2025\/12\/2088078-scaled.jpg 360w\" sizes=\"auto, (max-width: 480px) 150px\" src=\"https:\/\/atbart.org\/wp-content\/uploads\/2025\/12\/2088078-819x1024.jpg\" alt=\" 2088078\" class=\"uag-image-3707\" width=\"573\" height=\"395\" title=\"2088078\" loading=\"lazy\" role=\"img\"\/><\/figure><\/div>\n<\/div><\/div>\n\n\n\n<div class=\"wp-block-uagb-container uagb-block-d874d9fe alignfull uagb-is-root-container\"><div class=\"uagb-container-inner-blocks-wrap\">\n<div class=\"wp-block-columns is-layout-flex wp-container-core-columns-is-layout-2d7698b3 wp-block-columns-is-layout-flex\" style=\"padding-right:0;padding-left:0\">\n<div class=\"wp-block-column is-layout-flow wp-block-column-is-layout-flow\">\n<div class=\"wp-block-uagb-image uagb-block-7da0ae56 wp-block-uagb-image--layout-default wp-block-uagb-image--effect-static wp-block-uagb-image--align-none\"><figure class=\"wp-block-uagb-image__figure\"><img decoding=\"async\" srcset=\"https:\/\/atbart.org\/wp-content\/uploads\/2025\/12\/vad-vi-gor_3.jpg ,https:\/\/atbart.org\/wp-content\/uploads\/2025\/12\/vad-vi-gor_3.jpg 780w, https:\/\/atbart.org\/wp-content\/uploads\/2025\/12\/vad-vi-gor_3.jpg 360w\" sizes=\"auto, (max-width: 480px) 150px\" src=\"https:\/\/atbart.org\/wp-content\/uploads\/2025\/12\/vad-vi-gor_3.jpg\" alt=\"Vad Vi Gor 3\" class=\"uag-image-4416\" width=\"1200\" height=\"400\" title=\"About \u00c4tbart\" loading=\"lazy\" role=\"presentation\"><\/figure><\/div>\n<\/div>\n\n\n\n<div class=\"wp-block-column is-layout-flow wp-block-column-is-layout-flow\">\n<div class=\"wp-block-uagb-info-box uagb-block-21e97dae uagb-infobox__content-wrap  uagb-infobox-icon-above-title uagb-infobox-image-valign-top\"><div class=\"uagb-ifb-content\"><div class=\"uagb-ifb-title-wrap\"><h2 class=\"uagb-ifb-title\">Vad vi g\u00f6r idag<\/h2><\/div><p class=\"uagb-ifb-desc\">Idag driver \u00c4tbart <em><a href=\"https:\/\/atbart.org\/en\/svenska-matbanksnatverket\/\" title=\"Swedish Food Bank Network\">Swedish Food Bank Network<\/a><\/em> samt projekten <a data-type=\"page\" data-id=\"2829\" href=\"https:\/\/atbart.org\/en\/svinnsmart-samarbete\/\"><em>Svinnsmart samarbete<\/em> <\/a>och <em><a data-type=\"page\" data-id=\"2344\" href=\"https:\/\/atbart.org\/en\/matsvinn-pa-schemat\/\">Matsvinn p\u00e5 schemat<\/a><\/em>. Svinnsmart samarbete unders\u00f6ker \u00f6verskottssamarbeten mellan kommuner, civilsamh\u00e4llet, butiker och g\u00e5rdar. Matsvinn p\u00e5 schemat tar fram en digital plattform med l\u00e4romaterial f\u00f6r skolelever.<\/p><\/div><\/div>\n<\/div>\n<\/div>\n<\/div><\/div>\n\n\n\n<div class=\"wp-block-uagb-container uagb-layout-flex uagb-block-1021e70c alignfull uagb-is-root-container\"><div class=\"uagb-container-inner-blocks-wrap\">\n<div class=\"wp-block-uagb-info-box uagb-block-e3044bd5 uagb-infobox__content-wrap  uagb-infobox-icon-above-title uagb-infobox-image-valign-top\"><div class=\"uagb-ifb-content\"><div class=\"uagb-ifb-title-wrap\"><h2 class=\"uagb-ifb-title\">Varf\u00f6r g\u00f6r vi detta?<\/h2><\/div><p class=\"uagb-ifb-desc\">Att dela uppfattningen om att n\u00e5got m\u00e5ste g\u00f6ras \u00e5t den utveckling vi ser, \u00e4r enkel. Hotet mot ekosystemen \u00e4r sv\u00e5rt att motbevisa.&nbsp; Att hitta r\u00e4tt \u201cl\u00f6sning\u201d \u00e4r emellertid sv\u00e5rt. I en hektisk tid, d\u00e4r man uppmanas att agera NU, \u00e4r det h\u00f6g risk f\u00f6r engagemang kring f\u00f6renklade l\u00f6sningar. Oreflekterat matsvinnsr\u00e4ddande \u00e4r exempel p\u00e5 en f\u00f6renklad l\u00f6sning. Precis som att den v\u00e4xande secondhand industrin inte tar bort det klimatavtryck som fast fashion-modet inneb\u00e4r, r\u00e4ddas varken jord eller arter av att vi r\u00e4ddar livsmedel som \u00e4r beroende av bland annat konstg\u00f6dsel, pesticider, fossila br\u00e4nslen och oj\u00e4mlika levnadsvillkor. Vi r\u00e4ddar inte heller n\u00e5gra m\u00e4nniskor genom att underl\u00e4tta omf\u00f6rdelning av ultraprocessade produkter.&nbsp;<br><br>Genom v\u00e5rt arbete vill vi synligg\u00f6ra kopplingen mellan makt och mat, i det samh\u00e4llsomr\u00e5de d\u00e4r det br\u00e4nner som mest. Vi vill bidra till systemf\u00f6r\u00e4ndring d\u00e4r m\u00e4nniskor och milj\u00f6 g\u00e5r f\u00f6re ekonomiska vinstintressen.<br><br>Vi tror inte p\u00e5 enkla eller enskilda l\u00f6sningar, men p\u00e5 att kunskap, dialog och eftertanke kan leda till l\u00e5ngsiktiga attitydf\u00f6r\u00e4ndringar och f\u00f6rdjupade v\u00e4rden &#8211; steg f\u00f6r steg, tillsammans.<\/p><\/div><\/div>\n<\/div><\/div>\n\n\n\n<div class=\"wp-block-uagb-container uagb-layout-flex uagb-block-b1ec4810 alignfull uagb-is-root-container\"><div class=\"uagb-container-inner-blocks-wrap\">\n<div class=\"wp-block-uagb-info-box uagb-block-b038df7f uagb-infobox__content-wrap  uagb-infobox-icon-above-title uagb-infobox-image-valign-top\"><div class=\"uagb-ifb-content\"><div class=\"uagb-ifb-title-wrap\"><h2 class=\"uagb-ifb-title\">F\u00f6reningsinformation<\/h2><\/div><p class=\"uagb-ifb-desc\">\u00c4tbarts m\u00e5l och vision \u00e4r grunden till f\u00f6reningens arbete. Genom att bottna i forskning, gedigna analyser och \u00e5tg\u00e4rder med bevisad effekt vill vi uppn\u00e5 reell f\u00f6r\u00e4ndring och skapa konkret nytta f\u00f6r samh\u00e4llet.<br><br>Vill du l\u00e4sa \u00c4tbarts stadgar, \u00e5rsrapporter, redovisningar eller policydokument hittar du dessa i v\u00e5rt <a href=\"https:\/\/atbart.org\/en\/dokumentarkiv\/\">dokumentarkiv<\/a>. Vi uppdaterar arkivet l\u00f6pande och du kan alltid <a href=\"https:\/\/atbart.org\/en\/kontakta-oss\/\" data-type=\"page\" data-id=\"100\">kontakta oss<\/a> om du saknar n\u00e5got underlag!<br><br><\/p><\/div><\/div>\n<\/div><\/div>","protected":false},"excerpt":{"rendered":"<p>About \u00c4tbart<\/p>","protected":false},"author":1,"featured_media":0,"parent":0,"menu_order":0,"comment_status":"closed","ping_status":"closed","template":"","meta":{"_uag_custom_page_level_css":"","_monsterinsights_skip_tracking":false,"_monsterinsights_sitenote_active":false,"_monsterinsights_sitenote_note":"","_monsterinsights_sitenote_category":0,"_uf_show_specific_survey":0,"_uf_disable_surveys":false,"site-sidebar-layout":"default","site-content-layout":"","ast-site-content-layout":"default","site-content-style":"default","site-sidebar-style":"default","ast-global-header-display":"","ast-banner-title-visibility":"","ast-main-header-display":"","ast-hfb-above-header-display":"","ast-hfb-below-header-display":"","ast-hfb-mobile-header-display":"","site-post-title":"disabled","ast-breadcrumbs-content":"","ast-featured-img":"","footer-sml-layout":"","ast-disable-related-posts":"","theme-transparent-header-meta":"enabled","adv-header-id-meta":"","stick-header-meta":"","header-above-stick-meta":"","header-main-stick-meta":"","header-below-stick-meta":"","astra-migrate-meta-layouts":"set","ast-page-background-enabled":"default","ast-page-background-meta":{"desktop":{"background-color":"var(--ast-global-color-4)","background-image":"","background-repeat":"repeat","background-position":"center center","background-size":"auto","background-attachment":"scroll","background-type":"","background-media":"","overlay-type":"","overlay-color":"","overlay-opacity":"","overlay-gradient":""},"tablet":{"background-color":"","background-image":"","background-repeat":"repeat","background-position":"center center","background-size":"auto","background-attachment":"scroll","background-type":"","background-media":"","overlay-type":"","overlay-color":"","overlay-opacity":"","overlay-gradient":""},"mobile":{"background-color":"","background-image":"","background-repeat":"repeat","background-position":"center center","background-size":"auto","background-attachment":"scroll","background-type":"","background-media":"","overlay-type":"","overlay-color":"","overlay-opacity":"","overlay-gradient":""}},"ast-content-background-meta":{"desktop":{"background-color":"var(--ast-global-color-5)","background-image":"","background-repeat":"repeat","background-position":"center center","background-size":"auto","background-attachment":"scroll","background-type":"","background-media":"","overlay-type":"","overlay-color":"","overlay-opacity":"","overlay-gradient":""},"tablet":{"background-color":"var(--ast-global-color-5)","background-image":"","background-repeat":"repeat","background-position":"center center","background-size":"auto","background-attachment":"scroll","background-type":"","background-media":"","overlay-type":"","overlay-color":"","overlay-opacity":"","overlay-gradient":""},"mobile":{"background-color":"var(--ast-global-color-5)","background-image":"","background-repeat":"repeat","background-position":"center center","background-size":"auto","background-attachment":"scroll","background-type":"","background-media":"","overlay-type":"","overlay-color":"","overlay-opacity":"","overlay-gradient":""}},"footnotes":""},"class_list":["post-107","page","type-page","status-publish","hentry"],"aioseo_notices":[],"uagb_featured_image_src":{"full":false,"thumbnail":false,"medium":false,"medium_large":false,"large":false,"1536x1536":false,"2048x2048":false,"trp-custom-language-flag":false},"uagb_author_info":{"display_name":"Zuni Vargas Catalan","author_link":"https:\/\/atbart.org\/en\/author\/zuni_atbart\/"},"uagb_comment_info":0,"uagb_excerpt":"Om \u00c4tbart","_links":{"self":[{"href":"https:\/\/atbart.org\/en\/wp-json\/wp\/v2\/pages\/107","targetHints":{"allow":["GET"]}}],"collection":[{"href":"https:\/\/atbart.org\/en\/wp-json\/wp\/v2\/pages"}],"about":[{"href":"https:\/\/atbart.org\/en\/wp-json\/wp\/v2\/types\/page"}],"author":[{"embeddable":true,"href":"https:\/\/atbart.org\/en\/wp-json\/wp\/v2\/users\/1"}],"replies":[{"embeddable":true,"href":"https:\/\/atbart.org\/en\/wp-json\/wp\/v2\/comments?post=107"}],"version-history":[{"count":58,"href":"https:\/\/atbart.org\/en\/wp-json\/wp\/v2\/pages\/107\/revisions"}],"predecessor-version":[{"id":4502,"href":"https:\/\/atbart.org\/en\/wp-json\/wp\/v2\/pages\/107\/revisions\/4502"}],"wp:attachment":[{"href":"https:\/\/atbart.org\/en\/wp-json\/wp\/v2\/media?parent=107"}],"curies":[{"name":"wp","href":"https:\/\/api.w.org\/{rel}","templated":true}]}}